{"id":2,"date":"2020-05-05T13:33:41","date_gmt":"2020-05-05T13:33:41","guid":{"rendered":"https:\/\/shop.allcomp.cz\/?page_id=73"},"modified":"2021-10-22T12:26:58","modified_gmt":"2021-10-22T12:26:58","slug":"kontakt","status":"publish","type":"page","link":"https:\/\/shop-backup.allcomp.cz\/index.php\/kontakt\/","title":{"rendered":"O n\u00e1s"},"content":{"rendered":"\n<div style=\"float:right;\"><figure><iframe loading=\"lazy\" src=\"https:\/\/www.google.com\/maps\/embed?pb=!1m18!1m12!1m3!1d1146.7586978328122!2d14.521280966093265!3d49.81640590901302!2m3!1f0!2f0!3f0!3m2!1i1024!2i768!4f13.1!3m3!1m2!1s0x470b83b7f08372e3%3A0xe6dc0c685a92682d!2sAllcomp+a.+s.!5e0!3m2!1sen!2scz!4v1464172414588\" allowfullscreen=\"allowfullscreen\" width=\"400\" height=\"300\"><\/iframe><\/figure>\n<p style=\"padding: 1em; text-align: center;\">Sou\u0159adnice: 49.816572, 14.521833<\/p><\/div>\n\n\n\n<h2 class=\"wp-block-heading\">Spole\u010dnost Allcomp a. s.<\/h2>\n\n\n\n<p>Firma Allcomp a. s. se zab\u00fdv\u00e1 v\u00fdzkumem, v\u00fdvojem a v\u00fdrobou chytr\u00fdch elektronick\u00fdch za\u0159\u00edzen\u00ed. Mezi, kter\u00e9 pat\u0159\u00ed nap\u0159\u00edklad p\u0159\u00edstupov\u00e9, n\u00e1pojov\u00e9 \u010di wellness syst\u00e9my, chytr\u00e1 elektroinstalace \u010di zak\u00e1zkov\u00e1 v\u00fdroba elektroniky. D\u00e1le se tak\u00e9 v\u011bnuje instalaci a spr\u00e1v\u011b tepeln\u00fdch \u010derpadel \u010di v\u00fdvoji softwaru k dan\u00fdm v\u00fdrobk\u016fm.<\/p>\n\n\n\n<p>V\u00edce informac\u00ed naleznete na <a href=\"http:\/\/www.allcomp.cz\">www.allcomp.cz<\/a>.<\/p>\n\n\n\n<h2 class=\"wp-block-heading\">Kontakt a faktura\u010dn\u00ed \u00fadaje<\/h2>\n\n\n\n<p class=\"has-medium-font-size\">ALLCOMP a.s.<br>Zelen\u00e1 65<br>257 44 Netvo\u0159ice<br>\u010cesk\u00e1 republika<\/p>\n\n\n\n<p class=\"has-medium-font-size\">+420 775 282 414 <br>info<img loading=\"lazy\" decoding=\"async\" width=\"13\" height=\"13\" src=\"https:\/\/www.allcomp.cz\/wp-content\/uploads\/2015\/07\/at_sign.png\" alt=\"at_sign\">allcomp.cz <\/p>\n\n\n\n<p class=\"has-medium-font-size\">I\u010cO: 27112292<br>DI\u010c: CZ27112292<\/p>\n\n\n\n<p class=\"has-medium-font-size\"><a href=\"https:\/\/www.allcomp.cz\/wp-content\/uploads\/2019\/02\/Osvedceni-DIC.pdf\" target=\"_blank\" rel=\"noreferrer noopener\">Osv\u011bd\u010den\u00ed DIC<\/a><\/p>\n","protected":false},"excerpt":{"rendered":"<p>Sou\u0159adnice: 49.816572, 14.521833 Spole\u010dnost Allcomp a. s. Firma Allcomp a. s. se zab\u00fdv\u00e1 v\u00fdzkumem, v\u00fdvojem a v\u00fdrobou chytr\u00fdch elektronick\u00fdch za\u0159\u00edzen\u00ed. Mezi, kter\u00e9 pat\u0159\u00ed nap\u0159\u00edklad p\u0159\u00edstupov\u00e9, n\u00e1pojov\u00e9 \u010di wellness syst\u00e9my, chytr\u00e1<a href=\"https:\/\/shop-backup.allcomp.cz\/index.php\/kontakt\/\" class=\"d-block breadmore\">Read More<\/a><\/p>\n","protected":false},"author":1,"featured_media":0,"parent":0,"menu_order":0,"comment_status":"closed","ping_status":"closed","template":"","meta":{"footnotes":""},"_links":{"self":[{"href":"https:\/\/shop-backup.allcomp.cz\/index.php\/wp-json\/wp\/v2\/pages\/2"}],"collection":[{"href":"https:\/\/shop-backup.allcomp.cz\/index.php\/wp-json\/wp\/v2\/pages"}],"about":[{"href":"https:\/\/shop-backup.allcomp.cz\/index.php\/wp-json\/wp\/v2\/types\/page"}],"author":[{"embeddable":true,"href":"https:\/\/shop-backup.allcomp.cz\/index.php\/wp-json\/wp\/v2\/users\/1"}],"replies":[{"embeddable":true,"href":"https:\/\/shop-backup.allcomp.cz\/index.php\/wp-json\/wp\/v2\/comments?post=2"}],"version-history":[{"count":2,"href":"https:\/\/shop-backup.allcomp.cz\/index.php\/wp-json\/wp\/v2\/pages\/2\/revisions"}],"predecessor-version":[{"id":780,"href":"https:\/\/shop-backup.allcomp.cz\/index.php\/wp-json\/wp\/v2\/pages\/2\/revisions\/780"}],"wp:attachment":[{"href":"https:\/\/shop-backup.allcomp.cz\/index.php\/wp-json\/wp\/v2\/media?parent=2"}],"curies":[{"name":"wp","href":"https:\/\/api.w.org\/{rel}","templated":true}]}}