{"id":3,"date":"2020-04-16T08:06:38","date_gmt":"2020-04-16T08:06:38","guid":{"rendered":"http:\/\/shop.allcomp.cz\/?page_id=3"},"modified":"2021-10-22T12:25:41","modified_gmt":"2021-10-22T12:25:41","slug":"privacy-policy","status":"publish","type":"page","link":"https:\/\/shop-backup.allcomp.cz\/index.php\/privacy-policy\/","title":{"rendered":"Ochrana osobn\u00edch \u00fadaj\u016f"},"content":{"rendered":"\n<ol><li>Spole\u010dnost Allcomp a. s., se s\u00eddlem Zelen\u00e1 65, 257 44, Netvo\u0159ice, I\u010c 27112292, zapsan\u00e1 u m\u011bstsk\u00e9ho soudu v Praze, odd\u00edl B, vlo\u017eka 9075. (d\u00e1le jen \u201eprod\u00e1vaj\u00edc\u00ed\u201c) zpracov\u00e1v\u00e1 ve smyslu na\u0159\u00edzen\u00ed Evropsk\u00e9ho parlamentu a Rady (EU) \u010d. 2016\/679 o ochran\u011b fyzick\u00fdch osob v souvislosti se zpracov\u00e1n\u00edm osobn\u00edch \u00fadaj\u016f a o voln\u00e9m pohybu t\u011bchto \u00fadaj\u016f a o zru\u0161en\u00ed sm\u011brnice 95\/46\/ES (obecn\u00e9 na\u0159\u00edzen\u00ed o ochran\u011b osobn\u00edch \u00fadaj\u016f)(d\u00e1le jen \u201eNa\u0159\u00edzen\u00ed\u201c), n\u00e1sleduj\u00edc\u00ed osobn\u00ed \u00fadaje: jm\u00e9no, p\u0159\u00edjmen\u00ed, e-mailovou adresu, telefonn\u00ed \u010d\u00edslo, adresu\/s\u00eddlo.<\/li><li>V\u00fd\u0161e uveden\u00e9 osobn\u00ed \u00fadaje je nutn\u00e9 zpracovat pro odbaven\u00ed objedn\u00e1vek a dal\u0161\u00ed pln\u011bn\u00ed ze smlouvy, pokud mezi v\u00e1mi a prod\u00e1vaj\u00edc\u00edm dojde k uzav\u0159en\u00ed kupn\u00ed smlouvy. Takov\u00e9 zpracov\u00e1n\u00ed osobn\u00edch \u00fadaj\u016f umo\u017e\u0148uje \u010dl. 6 odst. 1 p\u00edsm. b) Na\u0159\u00edzen\u00ed \u2013 zpracov\u00e1n\u00ed je nezbytn\u00e9 pro spln\u011bn\u00ed smlouvy.<\/li><\/ol>\n\n\n\n<p>Prod\u00e1vaj\u00edc\u00ed zpracov\u00e1v\u00e1 tyto \u00fadaje rovn\u011b\u017e za \u00fa\u010delem evidence smlouvy a p\u0159\u00edpadn\u00e9ho budouc\u00edho uplatn\u011bn\u00ed a obranu pr\u00e1v a povinnost\u00ed smluvn\u00edch stran. Uchov\u00e1n\u00ed a zpracov\u00e1n\u00ed osobn\u00edch \u00fadaj\u016f je za v\u00fd\u0161e uveden\u00fdm \u00fa\u010delem po dobu 10 let od realizace posledn\u00ed \u010d\u00e1sti pln\u011bn\u00ed dle smlouvy, nepo\u017eaduje-li jin\u00fd pr\u00e1vn\u00ed p\u0159edpis uchov\u00e1n\u00ed smluvn\u00ed dokumentace po dobu del\u0161\u00ed. Takov\u00e9 zpracov\u00e1n\u00ed je mo\u017en\u00e9 na z\u00e1klad\u011b \u010dl. 6 odst. 1 p\u00edsm. c) a f) Na\u0159\u00edzen\u00ed \u2013 zpracov\u00e1n\u00ed je nezbytn\u00e9 pro spln\u011bn\u00ed pr\u00e1vn\u00ed povinnosti a pro \u00fa\u010dely opr\u00e1vn\u011bn\u00fdch z\u00e1jm\u016f spr\u00e1vce.<\/p>\n\n\n\n<ol start=\"3\"><li>Na e-mailovou adresu, p\u0159\u00edpadn\u011b telefonn\u00ed \u010d\u00edslo mohou b\u00fdt kupuj\u00edc\u00edmu zas\u00edl\u00e1ny novinky a jin\u00e1 obchodn\u00ed sd\u011blen\u00ed, tento postup umo\u017e\u0148uje \u00a7 7 odst. 3 z\u00e1kona \u010d.480\/2004 Sb., o slu\u017eb\u00e1ch informa\u010dn\u00ed spole\u010dnosti, pokud jej kupuj\u00edc\u00ed neodm\u00edtne. Tato sd\u011blen\u00ed lze kdykoliv jak\u00fdmkoliv zp\u016fsobem \u2013 nap\u0159\u00edklad zasl\u00e1n\u00edm e-mailu nebo proklikem na odkaz v obchodn\u00edm sd\u011blen\u00ed \u2013 odhl\u00e1sit.<\/li><li>Zpracov\u00e1n\u00ed osobn\u00edch \u00fadaj\u016f je prov\u00e1d\u011bno spr\u00e1vcem osobn\u00edch \u00fadaj\u016f. Osobn\u00ed \u00fadaje pro tohoto spr\u00e1vce zpracov\u00e1vaj\u00ed tak\u00e9 zpracovatel\u00e9: Spole\u010dnost Allcomp a. s., s\u00eddlem Zelen\u00e1 65, 257 44, Netvo\u0159ice<br>Osobn\u00ed \u00fadaje nebudou p\u0159ed\u00e1ny do t\u0159et\u00edch zem\u00ed mimo EU.<\/li><li>Spr\u00e1vce nem\u00e1 osobu tzv. pov\u011b\u0159ence. Spr\u00e1vce lze kontaktovat na emailov\u00e9 adrese info@allcomp.cz.<\/li><li>Spr\u00e1vce osobn\u00edch \u00fadaj\u016f, jako\u017eto provozovatel webov\u00e9 str\u00e1nky www.shop.allcomp.cz, u\u017e\u00edv\u00e1 na t\u00e9to webov\u00e9 str\u00e1nce soubory cookies, kter\u00e9 jsou zde u\u017eity za \u00fa\u010delem z\u00e1kladn\u00ed funk\u010dnosti webov\u00fdch str\u00e1nek.<\/li><\/ol>\n\n\n\n<ul><li>Vznese-li n\u00e1v\u0161t\u011bvn\u00edk n\u00e1mitku proti zpracov\u00e1n\u00ed technick\u00fdch cookies nezbytn\u00fdch pro fungov\u00e1n\u00ed webov\u00fdch str\u00e1nek, nelze v takov\u00e9m p\u0159\u00edpad\u011b zaru\u010dit plnou funk\u010dnost a kompatibilitu webov\u00fdch str\u00e1nek.<\/li><\/ul>\n\n\n\n<ol start=\"7\"><li>Vezm\u011bte, pros\u00edme, na v\u011bdom\u00ed, \u017ee podle Na\u0159\u00edzen\u00ed m\u00e1te pr\u00e1vo:<\/li><\/ol>\n\n\n\n<ul><li>zru\u0161it kdykoliv zas\u00edl\u00e1n\u00ed obchodn\u00edch sd\u011blen\u00ed,<\/li><li>vzn\u00e9st n\u00e1mitku proti zpracov\u00e1n\u00ed na z\u00e1klad\u011b opr\u00e1vn\u011bn\u00e9ho z\u00e1jmu spr\u00e1vce,<\/li><\/ul>\n\n\n\n<ul><li>po\u017eadovat po n\u00e1s informaci, jak\u00e9 va\u0161e osobn\u00ed \u00fadaje zpracov\u00e1v\u00e1me<\/li><li>vy\u017e\u00e1dat si u n\u00e1s p\u0159\u00edstup k t\u011bmto \u00fadaj\u016fm a tyto nechat aktualizovat nebo opravit, pop\u0159\u00edpad\u011b po\u017eadovat omezen\u00ed zpracov\u00e1n\u00ed<\/li><li>po\u017eadovat po n\u00e1s v\u00fdmaz t\u011bchto osobn\u00edch \u00fadaj\u016f, v\u00fdmaz provedeme, pokud to nebude v rozporu s platn\u00fdmi pr\u00e1vn\u00edmi p\u0159edpisy nebo opr\u00e1vn\u011bn\u00fdmi z\u00e1jmy spr\u00e1vce<\/li><li>na p\u0159enositelnost \u00fadaj\u016f, pokud se jedn\u00e1 o automatizovan\u00e9 zpracov\u00e1n\u00ed na z\u00e1klad\u011b souhlasu nebo z d\u016fvodu pln\u011bn\u00ed smlouvy<\/li><li>po\u017eadovat kopii zpracov\u00e1van\u00fdch osobn\u00edch \u00fadaj\u016f<\/li><li>na \u00fa\u010dinnou soudn\u00ed ochranu, pokud m\u00e1te za to, \u017ee va\u0161e pr\u00e1va podle Na\u0159\u00edzen\u00ed byla poru\u0161ena v d\u016fsledku zpracov\u00e1n\u00ed va\u0161ich osobn\u00edch \u00fadaj\u016f v rozporu s t\u00edmto Na\u0159\u00edzen\u00edm,<\/li><li>podat st\u00ed\u017enost u \u00da\u0159adu pro ochranu osobn\u00edch \u00fadaj\u016f.<\/li><\/ul>\n","protected":false},"excerpt":{"rendered":"<p>Spole\u010dnost Allcomp a. s., se s\u00eddlem Zelen\u00e1 65, 257 44, Netvo\u0159ice, I\u010c 27112292, zapsan\u00e1 u m\u011bstsk\u00e9ho soudu v Praze, odd\u00edl B, vlo\u017eka 9075. (d\u00e1le jen \u201eprod\u00e1vaj\u00edc\u00ed\u201c) zpracov\u00e1v\u00e1 ve smyslu na\u0159\u00edzen\u00ed<a href=\"https:\/\/shop-backup.allcomp.cz\/index.php\/privacy-policy\/\" class=\"d-block breadmore\">Read More<\/a><\/p>\n","protected":false},"author":1,"featured_media":0,"parent":0,"menu_order":0,"comment_status":"closed","ping_status":"open","template":"","meta":{"footnotes":""},"_links":{"self":[{"href":"https:\/\/shop-backup.allcomp.cz\/index.php\/wp-json\/wp\/v2\/pages\/3"}],"collection":[{"href":"https:\/\/shop-backup.allcomp.cz\/index.php\/wp-json\/wp\/v2\/pages"}],"about":[{"href":"https:\/\/shop-backup.allcomp.cz\/index.php\/wp-json\/wp\/v2\/types\/page"}],"author":[{"embeddable":true,"href":"https:\/\/shop-backup.allcomp.cz\/index.php\/wp-json\/wp\/v2\/users\/1"}],"replies":[{"embeddable":true,"href":"https:\/\/shop-backup.allcomp.cz\/index.php\/wp-json\/wp\/v2\/comments?post=3"}],"version-history":[{"count":6,"href":"https:\/\/shop-backup.allcomp.cz\/index.php\/wp-json\/wp\/v2\/pages\/3\/revisions"}],"predecessor-version":[{"id":779,"href":"https:\/\/shop-backup.allcomp.cz\/index.php\/wp-json\/wp\/v2\/pages\/3\/revisions\/779"}],"wp:attachment":[{"href":"https:\/\/shop-backup.allcomp.cz\/index.php\/wp-json\/wp\/v2\/media?parent=3"}],"curies":[{"name":"wp","href":"https:\/\/api.w.org\/{rel}","templated":true}]}}