{"id":433,"date":"2020-08-28T12:21:09","date_gmt":"2020-08-28T12:21:09","guid":{"rendered":"https:\/\/shop.allcomp.cz\/?page_id=433"},"modified":"2024-05-09T07:14:30","modified_gmt":"2024-05-09T07:14:30","slug":"allcomp-shop","status":"publish","type":"page","link":"https:\/\/shop-backup.allcomp.cz\/","title":{"rendered":"Allcomp Shop"},"content":{"rendered":"<h5 style=\"text-align: center; margin-top: 1em;\">Zab\u00fdv\u00e1me se v\u00fdzkumem, v\u00fdvojem a v\u00fdrobou chytr\u00fdch elektronick\u00fdch za\u0159\u00edzen\u00ed.<\/h5>\n<h5 style=\"text-align: center; margin-top: 1em;\">Na\u0161e v\u00fdrobky jsou p\u0159ev\u00e1\u017en\u011b z oblasti n\u00e1pojov\u00fdch, p\u0159\u00edstupov\u00fdch \u010di wellness syst\u00e9m\u016f, av\u0161ak sna\u017e\u00edme se roz\u0161i\u0159ovat i v oblasti prvk\u016f pro chytrou dom\u00e1cnost.<\/h5>\n<h5 style=\"text-align: center; margin-top: 1em;\">K v\u00fdrobk\u016fm m\u016f\u017eeme poskytnout i p\u0159\u00edpadn\u00e1 dal\u0161\u00ed p\u0159\u00edslu\u0161enstv\u00ed a vlastn\u00ed software.<\/h5>\n<h5 style=\"text-align: center; margin-top: 1em; margin-bottom: 2em;\">V sekci doprodej nab\u00edz\u00edme p\u0159ebytkov\u00fd elektromateri\u00e1l \u010di dal\u0161\u00ed v\u00fdrobky.<\/h5>\n\n\n<p><\/p>\n\n\n","protected":false},"excerpt":{"rendered":"<p>Zab\u00fdv\u00e1me se v\u00fdzkumem, v\u00fdvojem a v\u00fdrobou chytr\u00fdch elektronick\u00fdch za\u0159\u00edzen\u00ed. Na\u0161e v\u00fdrobky jsou p\u0159ev\u00e1\u017en\u011b z oblasti n\u00e1pojov\u00fdch, p\u0159\u00edstupov\u00fdch \u010di wellness syst\u00e9m\u016f, av\u0161ak sna\u017e\u00edme se roz\u0161i\u0159ovat i v oblasti prvk\u016f pro chytrou<a href=\"https:\/\/shop-backup.allcomp.cz\/\" class=\"d-block breadmore\">Read More<\/a><\/p>\n","protected":false},"author":1,"featured_media":0,"parent":0,"menu_order":0,"comment_status":"closed","ping_status":"closed","template":"","meta":{"footnotes":""},"_links":{"self":[{"href":"https:\/\/shop-backup.allcomp.cz\/index.php\/wp-json\/wp\/v2\/pages\/433"}],"collection":[{"href":"https:\/\/shop-backup.allcomp.cz\/index.php\/wp-json\/wp\/v2\/pages"}],"about":[{"href":"https:\/\/shop-backup.allcomp.cz\/index.php\/wp-json\/wp\/v2\/types\/page"}],"author":[{"embeddable":true,"href":"https:\/\/shop-backup.allcomp.cz\/index.php\/wp-json\/wp\/v2\/users\/1"}],"replies":[{"embeddable":true,"href":"https:\/\/shop-backup.allcomp.cz\/index.php\/wp-json\/wp\/v2\/comments?post=433"}],"version-history":[{"count":35,"href":"https:\/\/shop-backup.allcomp.cz\/index.php\/wp-json\/wp\/v2\/pages\/433\/revisions"}],"predecessor-version":[{"id":970,"href":"https:\/\/shop-backup.allcomp.cz\/index.php\/wp-json\/wp\/v2\/pages\/433\/revisions\/970"}],"wp:attachment":[{"href":"https:\/\/shop-backup.allcomp.cz\/index.php\/wp-json\/wp\/v2\/media?parent=433"}],"curies":[{"name":"wp","href":"https:\/\/api.w.org\/{rel}","templated":true}]}}