{"id":75,"date":"2020-05-05T13:34:36","date_gmt":"2020-05-05T13:34:36","guid":{"rendered":"https:\/\/shop.allcomp.cz\/?page_id=75"},"modified":"2021-11-12T10:15:36","modified_gmt":"2021-11-12T10:15:36","slug":"obchodni-podminky","status":"publish","type":"page","link":"https:\/\/shop-backup.allcomp.cz\/index.php\/obchodni-podminky\/","title":{"rendered":"Obchodn\u00ed a z\u00e1ru\u010dn\u00ed podm\u00ednky, reklama\u010dn\u00ed \u0159\u00e1d"},"content":{"rendered":"\n<p><a href=\"https:\/\/www.allcomp.cz\/wp-content\/uploads\/2021\/11\/Vseobecne-obchodni-podminky.pdf\" target=\"_blank\" rel=\"noreferrer noopener\">V\u0161eobecn\u00e9 obchodn\u00ed podm\u00ednky<\/a><\/p>\n\n\n\n<p><a href=\"https:\/\/www.allcomp.cz\/wp-content\/uploads\/2021\/11\/Zarucni-podminky.pdf\" target=\"_blank\" rel=\"noreferrer noopener\">V\u0161eobecn\u00e9 z\u00e1ru\u010dn\u00ed podm\u00ednky<\/a><\/p>\n\n\n\n<p><a href=\"https:\/\/www.allcomp.cz\/wp-content\/uploads\/2021\/11\/Reklamacni-rad.pdf\" target=\"_blank\" rel=\"noreferrer noopener\">Reklama\u010dn\u00ed \u0159\u00e1d<\/a><\/p>\n","protected":false},"excerpt":{"rendered":"<p>V\u0161eobecn\u00e9 obchodn\u00ed podm\u00ednky V\u0161eobecn\u00e9 z\u00e1ru\u010dn\u00ed podm\u00ednky Reklama\u010dn\u00ed \u0159\u00e1d<\/p>\n","protected":false},"author":1,"featured_media":0,"parent":0,"menu_order":0,"comment_status":"closed","ping_status":"closed","template":"","meta":{"footnotes":""},"_links":{"self":[{"href":"https:\/\/shop-backup.allcomp.cz\/index.php\/wp-json\/wp\/v2\/pages\/75"}],"collection":[{"href":"https:\/\/shop-backup.allcomp.cz\/index.php\/wp-json\/wp\/v2\/pages"}],"about":[{"href":"https:\/\/shop-backup.allcomp.cz\/index.php\/wp-json\/wp\/v2\/types\/page"}],"author":[{"embeddable":true,"href":"https:\/\/shop-backup.allcomp.cz\/index.php\/wp-json\/wp\/v2\/users\/1"}],"replies":[{"embeddable":true,"href":"https:\/\/shop-backup.allcomp.cz\/index.php\/wp-json\/wp\/v2\/comments?post=75"}],"version-history":[{"count":7,"href":"https:\/\/shop-backup.allcomp.cz\/index.php\/wp-json\/wp\/v2\/pages\/75\/revisions"}],"predecessor-version":[{"id":786,"href":"https:\/\/shop-backup.allcomp.cz\/index.php\/wp-json\/wp\/v2\/pages\/75\/revisions\/786"}],"wp:attachment":[{"href":"https:\/\/shop-backup.allcomp.cz\/index.php\/wp-json\/wp\/v2\/media?parent=75"}],"curies":[{"name":"wp","href":"https:\/\/api.w.org\/{rel}","templated":true}]}}