{"id":223,"date":"2020-08-19T09:02:08","date_gmt":"2020-08-19T09:02:08","guid":{"rendered":"https:\/\/shop.allcomp.cz\/?post_type=product&#038;p=223"},"modified":"2021-09-21T10:32:39","modified_gmt":"2021-09-21T10:32:39","slug":"vms-08-ridici-jednotka-pro-mereni-napoju","status":"publish","type":"product","link":"https:\/\/shop-backup.allcomp.cz\/index.php\/product\/vms-08-ridici-jednotka-pro-mereni-napoju\/","title":{"rendered":"VMS 08 &#8211; \u0159\u00edd\u00edc\u00ed jednotka pro m\u011b\u0159en\u00ed n\u00e1poj\u016f"},"content":{"rendered":"<p>VMS 08 je mikroprocesorem \u0159\u00edzen\u00e1 jednotka ur\u010den\u00e1 pro p\u0159esn\u00e9 m\u011b\u0159en\u00ed pr\u016ftoku kapalin a k registraci vyto\u010den\u00e9ho mno\u017estv\u00ed. Jako sn\u00edma\u010d pr\u016ftoku se pou\u017e\u00edv\u00e1 m\u011b\u0159ic\u00ed vrtulka MV02 nebo jin\u00fd sn\u00edma\u010d, pracuj\u00edc\u00ed na principu generov\u00e1n\u00ed impuls\u016f pr\u016ftokem kapaliny.<\/p>\n<p>Oproti p\u0159edch\u00e1zej\u00edc\u00edm typ\u016fm m\u011b\u0159i\u010d\u016f pr\u016ftoku VMS02 a VMS02B je jednotka VMS08 osazena nov\u00fdm typem mikrokontrol\u00e9ru s mo\u017enost\u00ed modernizace programu (upgrade firmware) a dal\u0161\u00ed funkcemi, kter\u00e9 usnad\u0148uje obsluhu a pou\u017e\u00edv\u00e1n\u00ed za\u0159\u00edzen\u00ed. Za\u0159\u00edzen\u00ed VMS08 umo\u017e\u0148uje m\u011b\u0159it spot\u0159ebu a\u017e osmi kan\u00e1ly sou\u010dasn\u011b. Ovl\u00e1dac\u00ed kl\u00e1vesnice byla nahrazena modern\u00edm ovl\u00e1d\u00e1n\u00edm pomoc\u00ed enkod\u00e9ru. D\u00edky tomu je za\u0159\u00edzen\u00ed velice snadno ovladateln\u00e9. Dal\u0161\u00edm v\u00fdznamn\u00fdm vylep\u0161en\u00edm je mo\u017enost automatick\u00e9ho p\u0159ep\u00edn\u00e1n\u00ed po\u010d\u00edtadel do sanita\u010dn\u00edho m\u00f3du sign\u00e1lem z extern\u00edho za\u0159\u00edzen\u00ed. P\u0159ep\u00edn\u00e1n\u00ed do servisn\u00edch menu se prov\u00e1d\u00ed a\u017e po zad\u00e1n\u00ed p\u0159\u00edslu\u0161n\u00e9ho k\u00f3du, \u010d\u00edm\u017e odpadla nutnost p\u0159ep\u00edn\u00e1n\u00ed mechanick\u00fdm kl\u00ed\u010dkem. Obsluha tak m\u00e1 \u00fapln\u00fd p\u0159ehled o vyto\u010den\u00e9m mno\u017estv\u00ed. Denn\u00ed po\u010d\u00edtadla je mo\u017eno jednodu\u0161e nulovat (obdoba denn\u00edho po\u010d\u00edtadla kilometr\u016f u automobilu). S m\u011b\u0159ic\u00edmi vrtulkami MV02 je mo\u017eno za\u0159\u00edzen\u00ed pou\u017e\u00edvat v potravin\u00e1\u0159stv\u00ed, vhodn\u00e9 pro n\u00e1poje typu PreMix v\u010detn\u011b m\u011b\u0159en\u00ed spot\u0159eby piva.<\/p>\n<p>Ke ka\u017ed\u00e9mu sn\u00edma\u010di pr\u016ftoku jsou p\u0159i\u0159azena \u010dty\u0159i po\u010d\u00edtadla:<\/p>\n<ul>\n<li>z\u00e1kladn\u00ed celkov\u00e9<\/li>\n<li>z\u00e1kladn\u00ed denn\u00ed<\/li>\n<li>sanita\u010dn\u00ed (sekund\u00e1rn\u00ed) celkov\u00e9<\/li>\n<li>sanita\u010dn\u00ed denn\u00ed<\/li>\n<\/ul>\n<h3>Hlavn\u00ed p\u0159ednosti<\/h3>\n<ul>\n<li>mo\u017enost konfigurace za\u0159\u00edzen\u00ed pro 1 a\u017e 8 kan\u00e1l\u016f<\/li>\n<li>mo\u017enost provozu za\u0159\u00edzen\u00ed i p\u0159i v\u00fdpadku proudu minim\u00e1ln\u011b 24 hodin<\/li>\n<li>p\u0159esn\u00e1 kalibrace jednotliv\u00fdch kan\u00e1l\u016f (s MV02 rozli\u0161en\u00ed men\u0161\u00ed ne\u017e 0.5 ml)<\/li>\n<li>pro ka\u017ed\u00fd kan\u00e1l \u010dty\u0159i samostatn\u00e1 po\u010d\u00edtadla<\/li>\n<li>automatick\u00e9 p\u0159epnut\u00ed do sekund\u00e1rn\u00edch po\u010d\u00edtadel (sanitace u piva), nebo p\u0159epnut\u00ed kl\u00ed\u010dkem<\/li>\n<li>uchov\u00e1n\u00ed nam\u011b\u0159en\u00fdch hodnot i p\u0159i v\u00fdpadku nap\u00e1jen\u00ed (pam\u011b\u0165 EEPROM)<\/li>\n<li>mo\u017enost z\u00e1kaznick\u00fdch \u00faprav SW<\/li>\n<li>n\u00edzk\u00e9 po\u0159izovac\u00ed a provozn\u00ed n\u00e1klady za\u0159\u00edzen\u00ed v pom\u011bru cena \/ v\u00fdkon (low cost devices)<\/li>\n<\/ul>\n<p>*Cel\u00e1 jednotka je schopna po s\u00e9riov\u00e9 sb\u011brnici komunikovat s po\u010d\u00edta\u010dem, co\u017e vede k jednoduch\u00e9mu ukl\u00e1d\u00e1n\u00ed dat do p\u0159ipojen\u00e9ho PC. Evidence vyto\u010den\u00e9ho mno\u017estv\u00ed se t\u00edm velice zefektivn\u00ed a z\u00edskan\u00e1 data je mo\u017eno zpracov\u00e1vat p\u0159\u00edmo pomoc\u00ed vhodn\u00e9ho SW. S\u00e9riov\u00e1 komunikace umo\u017e\u0148uje tak\u00e9 za\u010dlenit jednotku do nad\u0159azen\u00e9ho syst\u00e9mu (hotelov\u00fd, v\u00fd\u010depn\u00ed a jin\u00fd syst\u00e9m). Z\u00e1kladn\u00ed verze VMS \u010di Merevinu neobsahuje s\u00e9riovou komunikaci!<\/p>\n<h3><strong>NOVINKA:<\/strong> WiFi Cloud router<\/h3>\n<p>Spustili jsme nov\u00e9 cloudov\u00e9 \u00falo\u017ei\u0161t\u011b pro d\u00e1lkovou spr\u00e1vu za\u0159\u00edzen\u00ed VMS 08 C. Sta\u010d\u00ed p\u0159ipojit k \u0159\u00edd\u00edc\u00ed jednotce WiFi Cloud router, kter\u00fd pomoc\u00ed WiFi p\u0159ipoj\u00edte do vlastn\u00ed s\u00edt\u011b internetu. Pot\u00e9 za\u0159\u00edzen\u00ed odes\u00edl\u00e1 ka\u017ed\u00fdch 15 minut v\u0161echna po\u010d\u00edtadla na vzd\u00e1len\u00fd server.<\/p>\n<p>Licence SW cloudu je na prvn\u00ed rok po zakoupen\u00ed zdarma, pot\u00e9 symbolick\u00fdch 19,- \/ m\u011bs\u00edc \/ za\u0159\u00edzen\u00ed.<\/p>\n<p>Pro zobrazen\u00ed vyto\u010den\u00fdch mno\u017estv\u00ed se sta\u010d\u00ed p\u0159ihl\u00e1sit sv\u00fdm \u00fa\u010dtem do cloud aplikace:<\/p>\n<p class=\"has-text-align-center\"><a href=\"https:\/\/cloud.allcomp.cz\/vms\" target=\"_blank\" rel=\"noreferrer noopener\" aria-label=\" (opens in a new tab)\">https:\/\/cloud.allcomp.cz\/vms<\/a><\/p>\n<p>Pozor! \u2013 z\u00e1kladn\u00ed verze VMS 08 \u010di Merevin neobsahuje s\u00e9riovou komunikaci pro mo\u017enost p\u0159ipojen\u00ed ke cloud aplikaci.<\/p>\n<h3>Dokumenty<\/h3>\n<div class=\"wp-block-file\"><a href=\"https:\/\/www.allcomp.cz\/wp-content\/uploads\/2014\/09\/VMS08B_servisni_navod_v2_1_resize.pdf\"> VMS 08 \u2013 servisn\u00ed n\u00e1vod<\/a><\/div>\n<div class=\"wp-block-file\"><a href=\"https:\/\/www.allcomp.cz\/wp-content\/uploads\/2020\/01\/komunikacni_protokol_VMS08c-1.pdf\"> VMS 08 C \u2013 popis komunika\u010dn\u00edho protokolu<\/a><\/div>\n<div class=\"wp-block-file\"><a href=\"https:\/\/www.allcomp.cz\/wp-content\/uploads\/2020\/03\/snimac-prutoku-mv02-katalog_list.pdf\"> MV02 sn\u00edma\u010d pr\u016ftoku \u2013 katalogov\u00fd list<\/a><\/div>\n<div class=\"wp-block-file\"><a href=\"https:\/\/www.allcomp.cz\/wp-content\/uploads\/2020\/03\/MV02-navod-k-mont\u00e1\u017ei-CZE.pdf\"> MV02 sn\u00edma\u010d pr\u016ftoku \u2013 n\u00e1vod k mont\u00e1\u017ei <\/a><\/div>\n<div class=\"wp-block-file\"><a href=\"https:\/\/www.allcomp.cz\/wp-content\/uploads\/2020\/03\/prohlaseni-vyrobce.pdf\"> Prohl\u00e1\u0161en\u00ed v\u00fdrobce \u2013 p\u0159esnost m\u011b\u0159en\u00ed<\/a><\/div>\n","protected":false},"excerpt":{"rendered":"<p>VMS 08 je mikroprocesorem \u0159\u00edzen\u00e1 jednotka ur\u010den\u00e1 pro p\u0159esn\u00e9 m\u011b\u0159en\u00ed pr\u016ftoku kapalin a k registraci vyto\u010den\u00e9ho mno\u017estv\u00ed. Jako sn\u00edma\u010d pr\u016ftoku se pou\u017e\u00edv\u00e1 m\u011b\u0159ic\u00ed vrtulka MV02 nebo jin\u00fd sn\u00edma\u010d, pracuj\u00edc\u00ed na<a href=\"https:\/\/shop-backup.allcomp.cz\/index.php\/product\/vms-08-ridici-jednotka-pro-mereni-napoju\/\" class=\"d-block breadmore\">Read More<\/a><\/p>\n","protected":false},"featured_media":736,"template":"","meta":[],"_links":{"self":[{"href":"https:\/\/shop-backup.allcomp.cz\/index.php\/wp-json\/wp\/v2\/product\/223"}],"collection":[{"href":"https:\/\/shop-backup.allcomp.cz\/index.php\/wp-json\/wp\/v2\/product"}],"about":[{"href":"https:\/\/shop-backup.allcomp.cz\/index.php\/wp-json\/wp\/v2\/types\/product"}],"wp:featuredmedia":[{"embeddable":true,"href":"https:\/\/shop-backup.allcomp.cz\/index.php\/wp-json\/wp\/v2\/media\/736"}],"wp:attachment":[{"href":"https:\/\/shop-backup.allcomp.cz\/index.php\/wp-json\/wp\/v2\/media?parent=223"}],"curies":[{"name":"wp","href":"https:\/\/api.w.org\/{rel}","templated":true}]}}