{"id":229,"date":"2020-08-19T09:15:51","date_gmt":"2020-08-19T09:15:51","guid":{"rendered":"https:\/\/shop.allcomp.cz\/?post_type=product&#038;p=229"},"modified":"2021-09-21T10:37:55","modified_gmt":"2021-09-21T10:37:55","slug":"klubovy-vycep","status":"publish","type":"product","link":"https:\/\/shop-backup.allcomp.cz\/index.php\/product\/klubovy-vycep\/","title":{"rendered":"Klubov\u00fd v\u00fd\u010dep &#8211; m\u011b\u0159en\u00ed a d\u00e1vkov\u00e1n\u00ed n\u00e1poj\u016f"},"content":{"rendered":"<div id=\"content\" class=\"post-single-content box mark-links\">\n<p>Tento produkt obsahuje \u0159\u00edd\u00edc\u00ed jednotu, kter\u00e1 umo\u017en\u00ed samoobsluhu v\u00fd\u010depn\u00edho za\u0159\u00edzen\u00ed. Tato elektronika se hod\u00ed pro nov\u00e9 i sou\u010dasn\u00e9 v\u00fd\u010depy, a\u0165 u\u017e do sportovn\u00edch klub\u016f, restaurac\u00ed, hotel\u016f, apod. Je nastaviteln\u00e1 pro ka\u017ed\u00fd druh n\u00e1poje ( pivo, limo, v\u00edno, kofola, \u2026).<\/p>\n<p><span id=\"more-2980\"><\/span>Sou\u010d\u00e1st\u00ed jednotky je on-line evidence PIVOMAT, kter\u00e1 uchov\u00e1v\u00e1 nam\u011b\u0159en\u00e9 hodnoty i p\u0159i v\u00fdpadku nap\u00e1jen\u00ed, d\u00e1le \u010dte\u010dka s \u010dipy a kartami. Mont\u00e1\u017e je zcela jednoduch\u00e1 a zvl\u00e1dne ji ka\u017ed\u00e1 manu\u00e1ln\u011b zru\u010dn\u00e1 osoba.<\/p>\n<p>On-line evidence Pivomat je pro majitele Klubov\u00e9ho v\u00fd\u010depu. Jeho webov\u00e9 rozhran\u00ed je navr\u017eeno, tak aby se v n\u011bm ka\u017ed\u00fd snadno orientoval a bez pot\u00ed\u017e\u00ed jej ovl\u00e1dal.<\/p>\n<figure class=\"wp-block-image\">\n<p><figure id=\"attachment_2025\" aria-describedby=\"caption-attachment-2025\" style=\"width: 1024px\" class=\"wp-caption alignnone\"><img loading=\"lazy\" decoding=\"async\" class=\"wp-image-2025\" src=\"http:\/\/new.allcomp.cz\/wp-content\/uploads\/2015\/06\/Let\u00e1k_111-1024x724.jpg\" alt=\"\" width=\"1024\" height=\"724\" \/><figcaption id=\"caption-attachment-2025\" class=\"wp-caption-text\">Klubov\u00fd v\u00fd\u010dep<\/figcaption><\/figure><\/figure>\n<figure class=\"wp-block-image\">\n<p><figure id=\"attachment_2026\" aria-describedby=\"caption-attachment-2026\" style=\"width: 1024px\" class=\"wp-caption alignnone\"><img loading=\"lazy\" decoding=\"async\" class=\"wp-image-2026\" src=\"http:\/\/new.allcomp.cz\/wp-content\/uploads\/2015\/06\/Let\u00e1k_12-1024x691.jpg\" alt=\"\" width=\"1024\" height=\"691\" \/><figcaption id=\"caption-attachment-2026\" class=\"wp-caption-text\">Klubov\u00fd v\u00fd\u010dep<\/figcaption><\/figure><\/figure>\n<h3><\/h3>\n<\/div>\n","protected":false},"excerpt":{"rendered":"<p>Tento produkt obsahuje \u0159\u00edd\u00edc\u00ed jednotu, kter\u00e1 umo\u017en\u00ed samoobsluhu v\u00fd\u010depn\u00edho za\u0159\u00edzen\u00ed. Tato elektronika se hod\u00ed pro nov\u00e9 i sou\u010dasn\u00e9 v\u00fd\u010depy, a\u0165 u\u017e do sportovn\u00edch klub\u016f, restaurac\u00ed, hotel\u016f, apod. Je nastaviteln\u00e1 pro<a href=\"https:\/\/shop-backup.allcomp.cz\/index.php\/product\/klubovy-vycep\/\" class=\"d-block breadmore\">Read More<\/a><\/p>\n","protected":false},"featured_media":737,"template":"","meta":[],"_links":{"self":[{"href":"https:\/\/shop-backup.allcomp.cz\/index.php\/wp-json\/wp\/v2\/product\/229"}],"collection":[{"href":"https:\/\/shop-backup.allcomp.cz\/index.php\/wp-json\/wp\/v2\/product"}],"about":[{"href":"https:\/\/shop-backup.allcomp.cz\/index.php\/wp-json\/wp\/v2\/types\/product"}],"wp:featuredmedia":[{"embeddable":true,"href":"https:\/\/shop-backup.allcomp.cz\/index.php\/wp-json\/wp\/v2\/media\/737"}],"wp:attachment":[{"href":"https:\/\/shop-backup.allcomp.cz\/index.php\/wp-json\/wp\/v2\/media?parent=229"}],"curies":[{"name":"wp","href":"https:\/\/api.w.org\/{rel}","templated":true}]}}