{"id":246,"date":"2020-08-21T08:11:09","date_gmt":"2020-08-21T08:11:09","guid":{"rendered":"https:\/\/shop.allcomp.cz\/?post_type=product&#038;p=246"},"modified":"2022-04-28T09:16:32","modified_gmt":"2022-04-28T09:16:32","slug":"ovladaci-tlacitko-universalni-k-ovladani-van-bazenu-nebo-wellness","status":"publish","type":"product","link":"https:\/\/shop-backup.allcomp.cz\/index.php\/product\/ovladaci-tlacitko-universalni-k-ovladani-van-bazenu-nebo-wellness\/","title":{"rendered":"Ovl\u00e1dac\u00ed tla\u010d\u00edtko \u2013 univers\u00e1ln\u00ed k wellness"},"content":{"rendered":"<p>Jedn\u00e1 se o elektronickou \u0159\u00edd\u00edc\u00ed jednotku, osazenou mikropo\u010d\u00edta\u010dem ur\u010denou pro \u0159\u00edzen\u00ed jin\u00fdch jednotek. Nap\u0159.: sp\u00edn\u00e1n\u00ed rel\u00e9, styka\u010d\u016f apod. Je um\u00edst\u011bna v plastov\u00e9m, pochromovan\u00e9m panelu kruhov\u00e9ho proveden\u00ed. Tla\u010d\u00edtka jsou p\u0159ekryta poti\u0161t\u011bn\u00fdm \u0161t\u00edtkem z PE f\u00f3lie. V ok\u00e9nku displeje jsou um\u00edst\u011bny indika\u010dn\u00ed LED. Cel\u00e1 jednotka je ze strany sou\u010d\u00e1stek zalita hmotou. P\u0159\u00edvodn\u00ed kabel je vyveden spodn\u00ed stranou a zakon\u010den dutinkami. Pou\u017eit\u00ed mikripo\u010d\u00edta\u010de s p\u0159eprogramovatelnou pam\u011bt\u00ed FLASH umo\u017e\u0148uje univers\u00e1ln\u00ed vyu\u017eit\u00ed tohoto za\u0159\u00edzen\u00ed. Funkce tla\u010d\u00edtek a sp\u00edna\u010d\u016f jsou d\u00e1ny softwarem a je zde mo\u017enost proveden\u00ed dodate\u010dn\u00e9 konfigurace v libovoln\u00e9 variant\u011b.<\/p>\n<p>Konstrukce a proveden\u00ed jednotky ji p\u0159edur\u010duje pro pou\u017eit\u00ed v nebezpe\u010dn\u00fdch a mokr\u00fdch prostorech, jako jsou baz\u00e9ny, v\u00ed\u0159iv\u00e9 vany, koupelny apod.<\/p>\n<p><strong>Varianty proveden\u00ed:<\/strong><\/p>\n<ol>\n<li>z\u00e1kladn\u00ed proveden\u00ed \u2013 3 tla\u010d\u00edtka<\/li>\n<li>3x sp\u00edna\u010d ON \/ OFF<\/li>\n<li>3x Timer (\u010dasova\u010d) \u2013 sepne v\u00fdstup na ur\u010ditou dobu*<\/li>\n<\/ol>\n<p>Libovoln\u00e1 kombinace na objedn\u00e1vku. Mo\u017enost programov\u00e1n\u00ed speci\u00e1ln\u00edch funkc\u00ed, nap\u0159.: zpo\u017ed\u011bn\u00ed vypnut\u00ed (zapnut\u00ed).<br \/>\n*Po\u017eadovan\u00e9 \u010dasy je nutn\u00e9 uv\u00e1d\u011bt v objedn\u00e1vce p\u0159edem<\/p>\n<h3>Dokumenty<\/h3>\n<ul>\n<li><a href=\"https:\/\/allcomp.cz\/uploads\/file\/produkty\/bazeny_vyrivky_wellness\/tlacitka\/tlacitko_on_off\/on_off_%20tech_list.pdf\" target=\"_blank\" rel=\"noreferrer noopener\">Popis, p\u0159\u00edklad zapojen\u00ed<\/a><\/li>\n<\/ul>\n","protected":false},"excerpt":{"rendered":"<p>Jedn\u00e1 se o elektronickou \u0159\u00edd\u00edc\u00ed jednotku, osazenou mikropo\u010d\u00edta\u010dem ur\u010denou pro \u0159\u00edzen\u00ed jin\u00fdch jednotek. Nap\u0159.: sp\u00edn\u00e1n\u00ed rel\u00e9, styka\u010d\u016f apod. Je um\u00edst\u011bna v plastov\u00e9m, pochromovan\u00e9m panelu kruhov\u00e9ho proveden\u00ed. Tla\u010d\u00edtka jsou p\u0159ekryta poti\u0161t\u011bn\u00fdm<a href=\"https:\/\/shop-backup.allcomp.cz\/index.php\/product\/ovladaci-tlacitko-universalni-k-ovladani-van-bazenu-nebo-wellness\/\" class=\"d-block breadmore\">Read More<\/a><\/p>\n","protected":false},"featured_media":795,"template":"","meta":[],"_links":{"self":[{"href":"https:\/\/shop-backup.allcomp.cz\/index.php\/wp-json\/wp\/v2\/product\/246"}],"collection":[{"href":"https:\/\/shop-backup.allcomp.cz\/index.php\/wp-json\/wp\/v2\/product"}],"about":[{"href":"https:\/\/shop-backup.allcomp.cz\/index.php\/wp-json\/wp\/v2\/types\/product"}],"wp:featuredmedia":[{"embeddable":true,"href":"https:\/\/shop-backup.allcomp.cz\/index.php\/wp-json\/wp\/v2\/media\/795"}],"wp:attachment":[{"href":"https:\/\/shop-backup.allcomp.cz\/index.php\/wp-json\/wp\/v2\/media?parent=246"}],"curies":[{"name":"wp","href":"https:\/\/api.w.org\/{rel}","templated":true}]}}