{"id":252,"date":"2020-08-25T07:16:42","date_gmt":"2020-08-25T07:16:42","guid":{"rendered":"https:\/\/shop.allcomp.cz\/?post_type=product&#038;p=252"},"modified":"2021-09-21T10:55:08","modified_gmt":"2021-09-21T10:55:08","slug":"hawaii-6-rizeni-pro-bazeny","status":"publish","type":"product","link":"https:\/\/shop-backup.allcomp.cz\/index.php\/product\/hawaii-6-rizeni-pro-bazeny\/","title":{"rendered":"Hawaii 6 \u2013 \u0159\u00edzen\u00ed pro baz\u00e9ny"},"content":{"rendered":"<h3>Hawaii 6<\/h3>\n<p>Jedn\u00e1 se o elektronickou \u0159\u00edd\u00edc\u00ed jednotku osazenou mikroprocesorem, ur\u010denou pro d\u00e1lkov\u00e9 \u0159\u00edzen\u00ed filtrace, topen\u00ed, perli\u010dkov\u00e9 a vodn\u00ed mas\u00e1\u017ee, protiproud a osv\u011bteln\u00ed baz\u00e9nu. Displej zobrazuje re\u00e1ln\u00fd \u010das, teplotu vody a vzduchu, \u00fadaj o v\u00fd\u0161ce hladiny a stav spu\u0161t\u011bn\u00fdch agreg\u00e1t\u016f. Mont\u00e1\u017e \u0159\u00edd\u00edc\u00ed jednotky se prov\u00e1d\u00ed na DIN li\u0161tu rozvad\u011b\u010de baz\u00e9nu (velikost 4 modul\u016f), kde nesm\u00ed doj\u00edt ke kontaktu s vodou. Jednotka a ve\u0161ker\u00e9 jej\u00ed nastaven\u00ed se prov\u00e1d\u00ed pomoc\u00ed d\u00e1lkov\u00e9ho ovl\u00e1d\u00e1n\u00ed. Pro komunikaci s u\u017eivatelem je u baz\u00e9nu vyveden extern\u00ed display (mo\u017enost n\u011bkolika r\u016fzn\u00fdch velikost\u00ed).<\/p>\n<h4>Hawaii 6 m\u016f\u017ee \u0159\u00eddit:<\/h4>\n<ul>\n<li>filtraci baz\u00e9nu<\/li>\n<li>\u010derpadlo podvodn\u00ed mas\u00e1\u017ee<\/li>\n<li>perli\u010dkovou mas\u00e1\u017e<\/li>\n<li>osv\u011btlen\u00ed<\/li>\n<li>elektrick\u00e9 (plynov\u00e9 nebo sol\u00e1rn\u00ed) topen\u00ed<\/li>\n<li>roletu baz\u00e9nu<\/li>\n<li>automatick\u00e9 chlorov\u00e1n\u00ed<\/li>\n<li>automatick\u00e9 dopou\u0161t\u011bn\u00ed vody do baz\u00e9nu<\/li>\n<li>\u010derpadlo protiproudu<\/li>\n<\/ul>\n<h4>Hawaii 6 kontroluje:<\/h4>\n<ul>\n<li>\u010das<\/li>\n<li>teplotu vody<\/li>\n<li>teplotu vzduchu<\/li>\n<li>telplotu dal\u0161\u00edho topn\u00e9ho m\u00e9dia (kotle, kolektoru)<\/li>\n<li>p\u0159\u00edtomnost osob v baz\u00e9nu<\/li>\n<li>\u010dasova\u010de mas\u00e1\u017ee, preli\u010dky, protiproudu a osv\u011btlen\u00ed<\/li>\n<li>hladinu vody ve vyrovn\u00e1vac\u00ed n\u00e1dr\u017ei<\/li>\n<\/ul>\n<h3>Pou\u017eit\u00ed<\/h3>\n<ul>\n<li><strong>Filtrace<\/strong>\n<ul>\n<li>trval\u00e9 zapnut\u00ed on\/off<\/li>\n<li>automatick\u00e9 24 hodinov\u00e9 re\u017eimy<\/li>\n<\/ul>\n<\/li>\n<li><strong>Topen\u00ed<\/strong>\n<ul>\n<li>mo\u017enost p\u0159ipojen\u00ed elektrick\u00e9ho, v\u00fdm\u011bn\u00edkov\u00e9ho nebo sol\u00e1rn\u00edho topen\u00ed<\/li>\n<li>open\u00ed z\u00e1visl\u00e9 nebo nez\u00e1visl\u00e9 na filtraci<\/li>\n<li>u\u017eivatelem nastaviteln\u00e1 teplota vody od 1 \u2013 45\u00a0 \u00b0C.<\/li>\n<\/ul>\n<\/li>\n<li><strong>Protiproud<\/strong>\n<ul>\n<li>zapnuto \/ vypnuto<\/li>\n<li>\u010dasova\u010d<\/li>\n<li>automatick\u00e9 vypnut\u00ed po 1 \u2013 99 minut\u00e1ch<\/li>\n<\/ul>\n<\/li>\n<li><strong>Vodn\u00ed mas\u00e1\u017e<\/strong>\n<ul>\n<li>zapnuto \/ vypnuto<\/li>\n<li>\u010dasova\u010d<\/li>\n<li>automatick\u00e9 vypnut\u00ed po 1 \u2013 99 minut\u00e1ch<\/li>\n<\/ul>\n<\/li>\n<li><strong>Perli\u010dka<\/strong>\n<ul>\n<li>zapnuto \/ vypnuto<\/li>\n<li>\u010dasova\u010d<\/li>\n<li>automatick\u00e9 vypnut\u00ed po 1 \u2013 99 minut\u00e1ch<\/li>\n<li>regulace v\u00fdkonu<\/li>\n<li>7 program\u016f pulsace motoru<\/li>\n<\/ul>\n<\/li>\n<li><strong>Osv\u011btlen\u00ed<\/strong>\n<ul>\n<li>zapnuto \/ vypnuto<\/li>\n<li>\u010dasova\u010d<\/li>\n<li>automatick\u00e9 vypnut\u00ed po 1 \u2013 99 minut\u00e1ch<\/li>\n<li>regulace v\u00fdkonu osv\u011btlen\u00ed<\/li>\n<li>mo\u017enost p\u0159ipojen\u00ed soumrakov\u00e9ho sp\u00edna\u010de<\/li>\n<\/ul>\n<\/li>\n<li><strong>Teplota<\/strong>\n<ul>\n<li>aktu\u00e1ln\u00ed teplota vody, vzduchu a dal\u0161\u00edho p\u0159\u00edpadn\u00e9ho topn\u00e9ho m\u00e9dia s rozli\u0161en\u00edm na 1 st. Celsia<\/li>\n<\/ul>\n<\/li>\n<li><strong>Chlorov\u00e1n\u00ed baz\u00e9nu<\/strong>\n<ul>\n<li>pln\u011b automatick\u00e9<\/li>\n<li>4 denn\u00ed d\u00e1vky tekut\u00e9ho chloru<\/li>\n<\/ul>\n<\/li>\n<li><strong>Dopou\u0161t\u011bn\u00ed vody do baz\u00e9nu<\/strong>\n<ul>\n<li>pln\u011b automatick\u00e9<\/li>\n<li>v p\u0159\u00edpad\u011b pou\u017eit\u00ed proporcion\u00e1ln\u00edho hladinov\u00e9ho senzoru mo\u017enost kompletn\u00edho hl\u00edd\u00e1n\u00ed hladiny ve<\/li>\n<li>vyrovn\u00e1vac\u00ed n\u00e1dr\u017ei baz\u00e9nu<\/li>\n<\/ul>\n<\/li>\n<li><strong>Re\u00e1ln\u00fd \u010das<\/strong>\n<ul>\n<li>24 hodinov\u00fd cyklus<\/li>\n<li>z\u00e1visl\u00fd na nap\u00e1jen\u00ed<\/li>\n<\/ul>\n<\/li>\n<li><strong>Ovl\u00e1d\u00e1n\u00ed rolety baz\u00e9nu<\/strong><\/li>\n<\/ul>\n<h3>M\u00f3dy<\/h3>\n<p>\u0158\u00edd\u00edc\u00ed jednotka HAWAII 6 pracuje ve 3 provozn\u00edch m\u00f3dech:<\/p>\n<ol>\n<li>Servisn\u00ed m\u00f3d \u2013 slou\u017e\u00ed pro nastaven\u00ed parametr\u016f syst\u00e9mu (viz. Servisn\u00ed funkce)<\/li>\n<li>Ru\u010dn\u00ed re\u017eim (<em>Hand<\/em>)- v tomto re\u017eimu je trvale zapnut\u00e1 filtrace baz\u00e9nu, pokud je instalov\u00e1na funkce chlorov\u00e1n\u00ed baz\u00e9nu, je v re\u017eimu <em>Hand<\/em> vypnut\u00e1.<\/li>\n<li>Automatick\u00fd re\u017eim (<em>Auto<\/em>) \u2013 v tomto re\u017eimu se filtrace a automatick\u00e9 chlorov\u00e1n\u00ed baz\u00e9nu zap\u00edn\u00e1 dle nastaven\u00fdch \u010das\u016f a z\u00e1vislost\u00ed.<\/li>\n<\/ol>\n<h3>Technick\u00e9 \u00fadaje<\/h3>\n<ul>\n<li>Nap\u00e1jen\u00ed: 230V \/ 50-60 Hz<\/li>\n<li>Sp\u00ednav\u00fd proud vstup\u016f: 4 x 1A (sp\u00edn\u00e1n\u00ed v nule s optick\u00fdm odd\u011blen\u00edm), 2 x 10A (s regulac\u00ed v\u00fdkonu opticky odd\u011bleno)<\/li>\n<li>D\u00e1lkov\u00e9 ovl\u00e1d\u00e1n\u00ed: infra\u010derven\u00fd vys\u00edla\u010d<\/li>\n<li>Nap\u00e1jen\u00ed d\u00e1lkov\u00e9ho ovl\u00e1d\u00e1n\u00ed: 3xR6 (AAA) alkalick\u00fd \u010dl\u00e1nekk 1,5V<\/li>\n<li>Pracovn\u00ed teplota: 0 \u2013 50 st. Celsia<\/li>\n<li>Stupn\u011b kryt\u00ed: d\u00e1lkov\u00e9 ovl\u00e1d\u00e1n\u00ed \u2013\u00a0IP 65m, extern\u00ed display \u2013 IP 43, \u0159\u00edd\u00edc\u00ed jednotka \u2013 IP 20<\/li>\n<li>Z\u00e1ruka: 24 m\u011bs\u00edc\u016f<\/li>\n<\/ul>\n<h3>Dokumenty<\/h3>\n<ul>\n<li><a href=\"https:\/\/allcomp.cz\/uploads\/file\/produkty\/bazeny_vyrivky_wellness\/bazeny\/hawaii_6\/hawaii6_graficke_schema_zapojeni.pdf\" target=\"_blank\" rel=\"noreferrer noopener\">Hawaii 6 \u2013 Grafick\u00e9 sch\u00e9ma zapojen\u00ed<\/a><\/li>\n<li><a href=\"https:\/\/allcomp.cz\/uploads\/file\/produkty\/bazeny_vyrivky_wellness\/bazeny\/hawaii_6\/hawaii6_prospekt.pdf\" target=\"_blank\" rel=\"noreferrer noopener\">Hawaii 6 \u2013 Prospekt<\/a><\/li>\n<li><a href=\"https:\/\/allcomp.cz\/uploads\/file\/produkty\/bazeny_vyrivky_wellness\/bazeny\/hawaii_6\/hawaii6_vseobecne_info.pdf\" target=\"_blank\" rel=\"noreferrer noopener\">Hawaii 6 \u2013 V\u0161eobecn\u00e9 informace<\/a><\/li>\n<li><a href=\"https:\/\/allcomp.cz\/uploads\/file\/produkty\/bazeny_vyrivky_wellness\/bazeny\/hawaii_6\/hawaii6_servisni_navod.pdf\" target=\"_blank\" rel=\"noreferrer noopener\">Hawaii 6 \u2013 Servisn\u00ed n\u00e1vod<\/a><\/li>\n<li><a href=\"https:\/\/allcomp.cz\/uploads\/file\/produkty\/bazeny_vyrivky_wellness\/bazeny\/hawaii_6\/hawaii6_uzivatelsky_navod.pdf\" target=\"_blank\" rel=\"noreferrer noopener\">Hawaii 6 \u2013 U\u017eivatelsk\u00fd n\u00e1vod<\/a><\/li>\n<\/ul>\n","protected":false},"excerpt":{"rendered":"<p>Hawaii 6 Jedn\u00e1 se o elektronickou \u0159\u00edd\u00edc\u00ed jednotku osazenou mikroprocesorem, ur\u010denou pro d\u00e1lkov\u00e9 \u0159\u00edzen\u00ed filtrace, topen\u00ed, perli\u010dkov\u00e9 a vodn\u00ed mas\u00e1\u017ee, protiproud a osv\u011bteln\u00ed baz\u00e9nu. Displej zobrazuje re\u00e1ln\u00fd \u010das, teplotu vody<a href=\"https:\/\/shop-backup.allcomp.cz\/index.php\/product\/hawaii-6-rizeni-pro-bazeny\/\" class=\"d-block breadmore\">Read More<\/a><\/p>\n","protected":false},"featured_media":689,"template":"","meta":[],"_links":{"self":[{"href":"https:\/\/shop-backup.allcomp.cz\/index.php\/wp-json\/wp\/v2\/product\/252"}],"collection":[{"href":"https:\/\/shop-backup.allcomp.cz\/index.php\/wp-json\/wp\/v2\/product"}],"about":[{"href":"https:\/\/shop-backup.allcomp.cz\/index.php\/wp-json\/wp\/v2\/types\/product"}],"wp:featuredmedia":[{"embeddable":true,"href":"https:\/\/shop-backup.allcomp.cz\/index.php\/wp-json\/wp\/v2\/media\/689"}],"wp:attachment":[{"href":"https:\/\/shop-backup.allcomp.cz\/index.php\/wp-json\/wp\/v2\/media?parent=252"}],"curies":[{"name":"wp","href":"https:\/\/api.w.org\/{rel}","templated":true}]}}