{"id":262,"date":"2020-08-25T11:07:31","date_gmt":"2020-08-25T11:07:31","guid":{"rendered":"https:\/\/shop.allcomp.cz\/?post_type=product&#038;p=262"},"modified":"2021-09-17T09:52:37","modified_gmt":"2021-09-17T09:52:37","slug":"bahama-rizeni-hydromasaznich-van","status":"publish","type":"product","link":"https:\/\/shop-backup.allcomp.cz\/index.php\/product\/bahama-rizeni-hydromasaznich-van\/","title":{"rendered":"Bahama \u2013 \u0159\u00edzen\u00ed hydromas\u00e1\u017en\u00edch van"},"content":{"rendered":"<p>Typ BAHAMA jsou nov\u00e9 \u0159\u00edd\u00edc\u00ed jednotky vych\u00e1zej\u00edc\u00ed z \u0159ady HAWAII 1 a 5. Podstatnou zm\u011bnou oproti p\u0159edch\u00e1zej\u00edc\u00ed typov\u00e9 \u0159ad\u011b je zmen\u0161en\u00fd ovl\u00e1dac\u00ed panel a mo\u017enost ovl\u00e1dat n\u011bkter\u00e9 funkce pomoc\u00ed d\u00e1lkov\u00e9ho ovl\u00e1d\u00e1n\u00ed. Dle modelu a proveden\u00ed lze \u0159\u00eddit motor vodn\u00ed pumpy, perli\u010dkovou mas\u00e1\u017e s mo\u017enost\u00ed regulace v\u00fdkonu, osv\u011btlen\u00ed vany a automatickou desinfekci nebo automatick\u00e9 vysou\u0161en\u00ed trysek vany. \u0158\u00edd\u00edc\u00ed jednotka je dod\u00e1v\u00e1na v proveden\u00ed IP 55. Pro komunikaci s u\u017eivatelem a pro ovl\u00e1d\u00e1n\u00ed v\u0161ech funkc\u00ed slou\u017e\u00ed ovl\u00e1dac\u00ed panel, kter\u00fd je um\u00edst\u011bn na mas\u00e1\u017en\u00ed van\u011b. U n\u011bkter\u00fdch model\u016f je k dispozici i d\u00e1lkov\u00e9 ovl\u00e1d\u00e1n\u00ed. Ovl\u00e1dac\u00ed panel se dod\u00e1v\u00e1 pouze v proveden\u00ed tla\u010d\u00edtkov\u00e9m. Krou\u017eek ovl\u00e1dac\u00edho panelu je standardn\u011b dod\u00e1v\u00e1n v chromov\u00e9 barv\u011b, na objedn\u00e1vku lze dodat i v barv\u011b b\u00edl\u00e9 nebo zlat\u00e9.<\/p>\n<ul>\n<li>Nap\u00e1jen\u00ed: 230 V \/ 50-60 Hz<\/li>\n<li>Pracovn\u00ed teplota: 0 \u2013 50 \u00b0C<\/li>\n<li>Stupn\u011b kryt\u00ed: ovl\u00e1dac\u00ed panel \u2013 IP 65, \u0159\u00edd\u00edc\u00ed jednotka \u2013 IP 55, d\u00e1lkov\u00e9 ovl\u00e1d\u00e1n\u00ed \u2013 IP 55<\/li>\n<li>Rozm\u011br ovl\u00e1dac\u00edho panelu: pr\u016fm\u011br 46 mm, hloubka 19 mm<\/li>\n<li>Z\u00e1ruka: 24 m\u011bs\u00edc\u016f od data prodeje<\/li>\n<\/ul>\n<h3>Dokumenty<\/h3>\n<ul>\n<li><a href=\"https:\/\/allcomp.cz\/uploads\/file\/produkty\/bazeny_vyrivky_wellness\/masazni_vany\/bahama\/bahama01_perlicka_navod_k_obsluze.pdf\" target=\"_blank\" rel=\"noreferrer noopener\">Bahama 01 \u2013 perli\u010dka \u2013 n\u00e1vod k obsluze<\/a><\/li>\n<li><a href=\"https:\/\/allcomp.cz\/uploads\/file\/produkty\/bazeny_vyrivky_wellness\/masazni_vany\/bahama\/bahama01_pumpicka_navod_k_obsluze.pdf\" target=\"_blank\" rel=\"noreferrer noopener\">Bahama 01 \u2013 pumpa \u2013 n\u00e1vod k obsluze<\/a><\/li>\n<li><a href=\"https:\/\/allcomp.cz\/uploads\/file\/produkty\/bazeny_vyrivky_wellness\/masazni_vany\/bahama\/bahama01_perlicka_prospekt.pdf\" target=\"_blank\" rel=\"noreferrer noopener\">Bahama 01 \u2013 perli\u010dka \u2013 prospekt<\/a><\/li>\n<li><a href=\"https:\/\/allcomp.cz\/uploads\/file\/produkty\/bazeny_vyrivky_wellness\/masazni_vany\/bahama\/bahama01_pumpa_prospekt.pdf\" target=\"_blank\" rel=\"noreferrer noopener\">Bahama 01 \u2013 pumpa \u2013 prospekt<\/a><\/li>\n<li><a href=\"https:\/\/allcomp.cz\/uploads\/file\/produkty\/bazeny_vyrivky_wellness\/masazni_vany\/bahama\/bahama05_prospekt.pdf\" target=\"_blank\" rel=\"noreferrer noopener\">Bahama 05 \u2013 prospekt<\/a><\/li>\n<\/ul>\n","protected":false},"excerpt":{"rendered":"<p>\u0159\u00edzen\u00ed hydromas\u00e1\u017en\u00edch van<\/p>\n","protected":false},"featured_media":714,"template":"","meta":[],"_links":{"self":[{"href":"https:\/\/shop-backup.allcomp.cz\/index.php\/wp-json\/wp\/v2\/product\/262"}],"collection":[{"href":"https:\/\/shop-backup.allcomp.cz\/index.php\/wp-json\/wp\/v2\/product"}],"about":[{"href":"https:\/\/shop-backup.allcomp.cz\/index.php\/wp-json\/wp\/v2\/types\/product"}],"wp:featuredmedia":[{"embeddable":true,"href":"https:\/\/shop-backup.allcomp.cz\/index.php\/wp-json\/wp\/v2\/media\/714"}],"wp:attachment":[{"href":"https:\/\/shop-backup.allcomp.cz\/index.php\/wp-json\/wp\/v2\/media?parent=262"}],"curies":[{"name":"wp","href":"https:\/\/api.w.org\/{rel}","templated":true}]}}