{"id":289,"date":"2020-08-25T11:15:55","date_gmt":"2020-08-25T11:15:55","guid":{"rendered":"https:\/\/shop.allcomp.cz\/?post_type=product&#038;p=289"},"modified":"2024-05-09T07:15:57","modified_gmt":"2024-05-09T07:15:57","slug":"gsm-ovladani-ovladani-telefonem","status":"publish","type":"product","link":"https:\/\/shop-backup.allcomp.cz\/index.php\/product\/gsm-ovladani-ovladani-telefonem\/","title":{"rendered":"GSM ovl\u00e1d\u00e1n\u00ed \u2013 ovl\u00e1d\u00e1n\u00ed telefonem"},"content":{"rendered":"<p>Jednodu\u0161e vyt\u00e1hnete z kapsy mobil a pouh\u00fdm prozvon\u011bn\u00edm (bezplatn\u011b) otev\u0159ete nap\u0159\u00edklad gar\u00e1\u017eov\u00e9 vrata, br\u00e1nu nebo jin\u00e9 za\u0159\u00edzen\u00ed! D\u00edky p\u0159ipojen\u00ed k po\u010d\u00edta\u010di z\u00edsk\u00e1te kompletn\u00ed historii GSM p\u0159\u00edstup\u016f.<\/p>\n<ul>\n<li>ovl\u00e1d\u00e1n\u00ed elektrick\u00e9 br\u00e1ny<\/li>\n<li>zap\u00edn\u00e1n\u00ed a vyp\u00edn\u00e1n\u00ed spot\u0159ebi\u010d\u016f<\/li>\n<li>restart server\u016f<\/li>\n<li>monitorov\u00e1n\u00ed prostoru p\u0159\u00eddavn\u00fdmi sensory<\/li>\n<li>pl\u00e1novan\u00e9 sp\u00edn\u00e1n\u00ed<\/li>\n<\/ul>\n<h4>Verze BASIC \u2013 prozvonka<\/h4>\n<ul>\n<li>MAX 16 telefonn\u00edch \u010d\u00edsel<\/li>\n<li>Bez historie z\u00e1znam\u016f<\/li>\n<li>ovl\u00e1d\u00e1n\u00ed jednoho v\u00fdstupu prozvon\u011bn\u00edm<\/li>\n<li>nap\u00e1jen\u00ed variantn\u011b \u2013 12V AC\/DC, 24V AC\/DC, 230V AC<\/li>\n<\/ul>\n<ul>\n<li><\/li>\n<\/ul>\n<div class=\"wp-block-image\"><\/div>\n","protected":false},"excerpt":{"rendered":"<p>Jednodu\u0161e vyt\u00e1hnete z kapsy mobil a pouh\u00fdm prozvon\u011bn\u00edm (bezplatn\u011b) otev\u0159ete nap\u0159\u00edklad gar\u00e1\u017eov\u00e9 vrata, br\u00e1nu nebo jin\u00e9 za\u0159\u00edzen\u00ed! D\u00edky p\u0159ipojen\u00ed k po\u010d\u00edta\u010di z\u00edsk\u00e1te kompletn\u00ed historii GSM p\u0159\u00edstup\u016f. ovl\u00e1d\u00e1n\u00ed elektrick\u00e9 br\u00e1ny zap\u00edn\u00e1n\u00ed<a href=\"https:\/\/shop-backup.allcomp.cz\/index.php\/product\/gsm-ovladani-ovladani-telefonem\/\" class=\"d-block breadmore\">Read More<\/a><\/p>\n","protected":false},"featured_media":647,"template":"","meta":[],"_links":{"self":[{"href":"https:\/\/shop-backup.allcomp.cz\/index.php\/wp-json\/wp\/v2\/product\/289"}],"collection":[{"href":"https:\/\/shop-backup.allcomp.cz\/index.php\/wp-json\/wp\/v2\/product"}],"about":[{"href":"https:\/\/shop-backup.allcomp.cz\/index.php\/wp-json\/wp\/v2\/types\/product"}],"wp:featuredmedia":[{"embeddable":true,"href":"https:\/\/shop-backup.allcomp.cz\/index.php\/wp-json\/wp\/v2\/media\/647"}],"wp:attachment":[{"href":"https:\/\/shop-backup.allcomp.cz\/index.php\/wp-json\/wp\/v2\/media?parent=289"}],"curies":[{"name":"wp","href":"https:\/\/api.w.org\/{rel}","templated":true}]}}