{"id":305,"date":"2020-08-26T07:16:29","date_gmt":"2020-08-26T07:16:29","guid":{"rendered":"https:\/\/shop.allcomp.cz\/?post_type=product&#038;p=305"},"modified":"2020-11-06T14:09:55","modified_gmt":"2020-11-06T14:09:55","slug":"prislusenstvi-pristupovych-systemu","status":"publish","type":"product","link":"https:\/\/shop-backup.allcomp.cz\/index.php\/product\/prislusenstvi-pristupovych-systemu\/","title":{"rendered":"P\u0159\u00edslu\u0161enstv\u00ed p\u0159\u00edstupov\u00fdch syst\u00e9m\u016f"},"content":{"rendered":"<div id=\"content\" class=\"post-single-content box mark-links\">\n<h3>Kl\u00ed\u010denky<\/h3>\n<p>Kl\u00ed\u010denky s RFID technologi\u00ed. Jednodu\u0161e je m\u016f\u017eete zav\u011bsit nap\u0159\u00edklad na kl\u00ed\u010dov\u00fd krou\u017eek. Je nab\u00edzena s laserov\u00fdm popisem z\u00e1kazn\u00edkova loga nebo vlastn\u00edho designu. Mo\u017en\u00e9 je tak\u00e9 laserovat<\/p>\n<h3>RFID hodinky, n\u00e1ramek<\/h3>\n<p>Bezkontaktn\u00ed n\u00e1ramky kombinuj\u00ed RFID technologii s dobr\u00fdm vzhledem a praktick\u00fdm usazen\u00edm. Nos\u00ed se jako n\u00e1ramkov\u00e9 hodinky a jejich vyu\u017eit\u00ed jako RFID identifik\u00e1tor je opravdu pohodln\u00e9. Krom\u011b toho jejich robustnost zaru\u010duje t\u011bmto bezkontaktn\u00edm hodink\u00e1m dobr\u00e9 ut\u011bsn\u011bn\u00ed elektronick\u00e9 jednotky a vodot\u011bsnost hodinek. Samoz\u0159ejm\u011b je nab\u00edzena takt\u00e9\u017e s laserov\u00fdm popisem.<\/p>\n<h3>Karta RFID (s laserov\u00fdm popisem)<\/h3>\n<p>Typ plastov\u00e9 karty s bezkontaktn\u00edm \u010dipem, V\u00e1m nab\u00edz\u00ed nej\u0161ir\u0161\u00ed spektrum vyu\u017eit\u00ed a mo\u017enost\u00ed. Karty maj\u00ed vyu\u017eit\u00ed jako doch\u00e1zkov\u00e9, v\u011brnostn\u00ed, z\u00e1kaznick\u00e9 d\u00e1le jako SKI karty (SKI PAS) a mnoho dal\u0161\u00edch.<\/p>\n<p>&nbsp;<\/p>\n<\/div>\n","protected":false},"excerpt":{"rendered":"<p>Kl\u00ed\u010denky Kl\u00ed\u010denky s RFID technologi\u00ed. Jednodu\u0161e je m\u016f\u017eete zav\u011bsit nap\u0159\u00edklad na kl\u00ed\u010dov\u00fd krou\u017eek. Je nab\u00edzena s laserov\u00fdm popisem z\u00e1kazn\u00edkova loga nebo vlastn\u00edho designu. Mo\u017en\u00e9 je tak\u00e9 laserovat RFID hodinky, n\u00e1ramek<a href=\"https:\/\/shop-backup.allcomp.cz\/index.php\/product\/prislusenstvi-pristupovych-systemu\/\" class=\"d-block breadmore\">Read More<\/a><\/p>\n","protected":false},"featured_media":667,"template":"","meta":[],"_links":{"self":[{"href":"https:\/\/shop-backup.allcomp.cz\/index.php\/wp-json\/wp\/v2\/product\/305"}],"collection":[{"href":"https:\/\/shop-backup.allcomp.cz\/index.php\/wp-json\/wp\/v2\/product"}],"about":[{"href":"https:\/\/shop-backup.allcomp.cz\/index.php\/wp-json\/wp\/v2\/types\/product"}],"wp:featuredmedia":[{"embeddable":true,"href":"https:\/\/shop-backup.allcomp.cz\/index.php\/wp-json\/wp\/v2\/media\/667"}],"wp:attachment":[{"href":"https:\/\/shop-backup.allcomp.cz\/index.php\/wp-json\/wp\/v2\/media?parent=305"}],"curies":[{"name":"wp","href":"https:\/\/api.w.org\/{rel}","templated":true}]}}