{"id":456,"date":"2020-09-04T08:16:46","date_gmt":"2020-09-04T08:16:46","guid":{"rendered":"https:\/\/shop.allcomp.cz\/?post_type=product&#038;p=456"},"modified":"2023-02-16T12:18:11","modified_gmt":"2023-02-16T12:18:11","slug":"microcontroller-784035gc-933-nec-ireland","status":"publish","type":"product","link":"https:\/\/shop-backup.allcomp.cz\/index.php\/product\/microcontroller-784035gc-933-nec-ireland\/","title":{"rendered":"Microcontroller 784035GC-933 NEC Ireland"},"content":{"rendered":"<p>Microcontroller<\/p>\n<p>784035GC-933 NEC<\/p>\n<p>Pracovn\u00ed frekvence: 32 Mhz<\/p>\n<p>Frekvence FSB: 32 Mhz<\/p>\n<p>N\u00e1sobi\u010d: 1x<\/p>\n<p>RAM: 2 KB<\/p>\n<p>Pouzdro: 80-pim PQFP<\/p>\n<p>Socket\/Slot: letovan\u00e9<\/p>\n<p>Stav: netestov\u00e1no<\/p>\n","protected":false},"excerpt":{"rendered":"<p>Microcontroller 784035GC-933 NEC Pracovn\u00ed frekvence: 32 Mhz Frekvence FSB: 32 Mhz N\u00e1sobi\u010d: 1x RAM: 2 KB Pouzdro: 80-pim PQFP Socket\/Slot: letovan\u00e9 Stav: netestov\u00e1no<\/p>\n","protected":false},"featured_media":953,"template":"","meta":[],"_links":{"self":[{"href":"https:\/\/shop-backup.allcomp.cz\/index.php\/wp-json\/wp\/v2\/product\/456"}],"collection":[{"href":"https:\/\/shop-backup.allcomp.cz\/index.php\/wp-json\/wp\/v2\/product"}],"about":[{"href":"https:\/\/shop-backup.allcomp.cz\/index.php\/wp-json\/wp\/v2\/types\/product"}],"wp:featuredmedia":[{"embeddable":true,"href":"https:\/\/shop-backup.allcomp.cz\/index.php\/wp-json\/wp\/v2\/media\/953"}],"wp:attachment":[{"href":"https:\/\/shop-backup.allcomp.cz\/index.php\/wp-json\/wp\/v2\/media?parent=456"}],"curies":[{"name":"wp","href":"https:\/\/api.w.org\/{rel}","templated":true}]}}