{"id":580,"date":"2020-09-11T09:03:44","date_gmt":"2020-09-11T09:03:44","guid":{"rendered":"https:\/\/shop.allcomp.cz\/?post_type=product&#038;p=580"},"modified":"2021-09-17T09:54:19","modified_gmt":"2021-09-17T09:54:19","slug":"karavan-3","status":"publish","type":"product","link":"https:\/\/shop-backup.allcomp.cz\/index.php\/product\/karavan-3\/","title":{"rendered":"Karavan 3"},"content":{"rendered":"<p>Jedn\u00e1 se o mikroprocesorem \u0159\u00edzen\u00fd syst\u00e9m, kter\u00fd po zapnut\u00ed kl\u00ed\u010dku sepne dob\u00edjen\u00ed s pomal\u00fdm n\u00e1b\u011bhem. Po nastartov\u00e1n\u00ed, kdy\u017e za\u010dn\u011b pracovat dob\u00edjen\u00ed baterie, se v\u00fdkon dob\u00edjen\u00ed automaticky zv\u00fd\u0161\u00ed. K vypnut\u00ed dob\u00edjen\u00ed dojde p\u0159i vypnut\u00ed kl\u00ed\u010dku zapalov\u00e1n\u00ed.<\/p>\n<h3>Funkce<\/h3>\n<ul>\n<li>bezkontaktn\u00ed sp\u00edn\u00e1n\u00ed \u2013 pro sp\u00edn\u00e1n\u00ed dob\u00edjen\u00ed je pou\u017eit elektronick\u00fd prvek PROFET, kter\u00fd obsahuje tepelnou i nadproudovou ochranu obvodu. To znamen\u00e1, \u017ee p\u0159i p\u0159et\u00ed\u017een\u00ed nebo zkratu automaticky sn\u00ed\u017e\u00ed v\u00fdkon a t\u00edm nedojde k p\u0159ep\u00e1len\u00ed pojistky<\/li>\n<li>mo\u017enost zapojen\u00ed do r\u016fzn\u00fdch druh\u016f vozidel<\/li>\n<li>\u010dasov\u00e1 hystereze (5 sec) omezuje nerovnom\u011brn\u00e9 dob\u00edjen\u00ed nap\u0159. p\u0159i volnob\u011bhu, kdy altern\u00e1tor dod\u00e1v\u00e1 m\u00e9n\u011b proudu a nap\u011bt\u00ed baterie kol\u00eds\u00e1<\/li>\n<li>p\u0159i pln\u011b nabit\u00e9 baterii, reguluje dob\u00edjen\u00ed automaticky regul\u00e1tor altern\u00e1toru<\/li>\n<\/ul>\n<h3>Technick\u00e9 parametry<\/h3>\n<ul>\n<li>Nap\u00e1jen\u00ed: 12V<\/li>\n<li>Odeb\u00edran\u00fd proud v klidu: 0,00A<\/li>\n<li>Maxim\u00e1ln\u00ed sp\u00ednan\u00fd proud: 1x16A<\/li>\n<li>Maxim\u00e1ln\u00ed sp\u00ednan\u00fd proud K2: 1x4A<\/li>\n<li>Kontrola dob\u00edjen\u00ed akumul\u00e1toru: LED dioda<\/li>\n<\/ul>\n","protected":false},"excerpt":{"rendered":"<p>Jedn\u00e1 se o mikroprocesorem \u0159\u00edzen\u00fd syst\u00e9m, kter\u00fd po zapnut\u00ed kl\u00ed\u010dku sepne dob\u00edjen\u00ed s pomal\u00fdm n\u00e1b\u011bhem. Po nastartov\u00e1n\u00ed, kdy\u017e za\u010dn\u011b pracovat dob\u00edjen\u00ed baterie, se v\u00fdkon dob\u00edjen\u00ed automaticky zv\u00fd\u0161\u00ed. K vypnut\u00ed dob\u00edjen\u00ed<a href=\"https:\/\/shop-backup.allcomp.cz\/index.php\/product\/karavan-3\/\" class=\"d-block breadmore\">Read More<\/a><\/p>\n","protected":false},"featured_media":605,"template":"","meta":[],"_links":{"self":[{"href":"https:\/\/shop-backup.allcomp.cz\/index.php\/wp-json\/wp\/v2\/product\/580"}],"collection":[{"href":"https:\/\/shop-backup.allcomp.cz\/index.php\/wp-json\/wp\/v2\/product"}],"about":[{"href":"https:\/\/shop-backup.allcomp.cz\/index.php\/wp-json\/wp\/v2\/types\/product"}],"wp:featuredmedia":[{"embeddable":true,"href":"https:\/\/shop-backup.allcomp.cz\/index.php\/wp-json\/wp\/v2\/media\/605"}],"wp:attachment":[{"href":"https:\/\/shop-backup.allcomp.cz\/index.php\/wp-json\/wp\/v2\/media?parent=580"}],"curies":[{"name":"wp","href":"https:\/\/api.w.org\/{rel}","templated":true}]}}