{"id":581,"date":"2020-09-11T08:06:42","date_gmt":"2020-09-11T08:06:42","guid":{"rendered":"https:\/\/shop.allcomp.cz\/?post_type=product&#038;p=581"},"modified":"2022-06-06T12:29:09","modified_gmt":"2022-06-06T12:29:09","slug":"mereni-teplot-vzdalene-ovladani","status":"publish","type":"product","link":"https:\/\/shop-backup.allcomp.cz\/index.php\/product\/mereni-teplot-vzdalene-ovladani\/","title":{"rendered":"M\u011b\u0159en\u00ed teplot, vzd\u00e1len\u00e9 ovl\u00e1d\u00e1n\u00ed"},"content":{"rendered":"<div id=\"content\" class=\"post-single-content box mark-links\">\n<p>Pot\u0159ebujete m\u011b\u0159it teploty a ovl\u00e1dat sv\u00e9 elektrick\u00e9 za\u0159\u00edzen\u00ed? Teplotu prost\u0159ed\u00ed nebo objekt\u016f m\u016f\u017eete sledovat kdykoliv a odkudkoliv online na internetu. Ovl\u00e1dejte sv\u00e9 za\u0159\u00edzen\u00ed pomoc\u00ed mobiln\u00e9ho telefonu, tabletu \u010di stoln\u00edho po\u010d\u00edta\u010de odkudkoliv\u2026<\/p>\n<figure id=\"attachment_3409\" aria-describedby=\"caption-attachment-3409\" style=\"width: 416px\" class=\"wp-caption alignright\"><img loading=\"lazy\" decoding=\"async\" class=\"wp-image-3409\" src=\"https:\/\/www.allcomp.cz\/wp-content\/uploads\/2019\/11\/cloud_esp_wifi2-1.jpg\" alt=\"\" width=\"416\" height=\"312\" \/><figcaption id=\"caption-attachment-3409\" class=\"wp-caption-text\">ESP32 &#8211; ilustra\u010dn\u00ed obr\u00e1zek<\/figcaption><\/figure>\n<h3>Cloud ESP32 WiFi<\/h3>\n<ul>\n<li>web Mobiln\u00ed aplikace pro chytr\u00e9 telefoty\/tablety, po\u010d\u00edta\u010de<\/li>\n<li>s histori\u00ed ovl\u00e1d\u00e1n\u00ed v\u00fdstup\u016f \u2013 grafy teplot<\/li>\n<li>mo\u017enost p\u0159ipojen\u00ed na p\u0159\u00edstupov\u00fd syst\u00e9m<\/li>\n<li>2 v\u00fdstupy \u2013 pro ovl\u00e1d\u00e1n\u00ed dvou za\u0159\u00edzen\u00ed<\/li>\n<li>mo\u017enost p\u0159ipojen\u00ed a\u017e 6 teplotn\u00edch sensor\u016f (DALLAS)<\/li>\n<li>p\u0159ipojen\u00ed <strong>WiFi<\/strong><\/li>\n<li>nap\u00e1jen\u00ed 5V<\/li>\n<\/ul>\n<p>&nbsp;<\/p>\n<p>&nbsp;<\/p>\n<p>&nbsp;<\/p>\n<p>&nbsp;<\/p>\n<\/div>\n","protected":false},"excerpt":{"rendered":"<p>Pot\u0159ebujete m\u011b\u0159it teploty a ovl\u00e1dat sv\u00e9 elektrick\u00e9 za\u0159\u00edzen\u00ed? Teplotu prost\u0159ed\u00ed nebo objekt\u016f m\u016f\u017eete sledovat kdykoliv a odkudkoliv online na internetu. Ovl\u00e1dejte sv\u00e9 za\u0159\u00edzen\u00ed pomoc\u00ed mobiln\u00e9ho telefonu, tabletu \u010di stoln\u00edho po\u010d\u00edta\u010de<a href=\"https:\/\/shop-backup.allcomp.cz\/index.php\/product\/mereni-teplot-vzdalene-ovladani\/\" class=\"d-block breadmore\">Read More<\/a><\/p>\n","protected":false},"featured_media":595,"template":"","meta":[],"_links":{"self":[{"href":"https:\/\/shop-backup.allcomp.cz\/index.php\/wp-json\/wp\/v2\/product\/581"}],"collection":[{"href":"https:\/\/shop-backup.allcomp.cz\/index.php\/wp-json\/wp\/v2\/product"}],"about":[{"href":"https:\/\/shop-backup.allcomp.cz\/index.php\/wp-json\/wp\/v2\/types\/product"}],"wp:featuredmedia":[{"embeddable":true,"href":"https:\/\/shop-backup.allcomp.cz\/index.php\/wp-json\/wp\/v2\/media\/595"}],"wp:attachment":[{"href":"https:\/\/shop-backup.allcomp.cz\/index.php\/wp-json\/wp\/v2\/media?parent=581"}],"curies":[{"name":"wp","href":"https:\/\/api.w.org\/{rel}","templated":true}]}}