{"id":582,"date":"2020-09-10T11:42:29","date_gmt":"2020-09-10T11:42:29","guid":{"rendered":"https:\/\/shop.allcomp.cz\/?post_type=product&#038;p=582"},"modified":"2021-09-17T09:48:36","modified_gmt":"2021-09-17T09:48:36","slug":"rfid-klicenka","status":"publish","type":"product","link":"https:\/\/shop-backup.allcomp.cz\/index.php\/product\/rfid-klicenka\/","title":{"rendered":"RFID Kl\u00ed\u010denka"},"content":{"rendered":"<p>Kl\u00ed\u010denky s RFID technologi\u00ed. Jednodu\u0161e je m\u016f\u017eete zav\u011bsit nap\u0159\u00edklad na kl\u00ed\u010dov\u00fd krou\u017eek.<\/p>\n<p>Je nab\u00edzena s laserov\u00fdm popisem z\u00e1kazn\u00edkova loga nebo vlastn\u00edho designu. Mo\u017en\u00e9 je tak\u00e9 laserovat s\u00e9riov\u00e9 \u010d\u00edslo a podobn\u011b.<\/p>\n","protected":false},"excerpt":{"rendered":"<p>Kl\u00ed\u010denky s RFID technologi\u00ed. Jednodu\u0161e je m\u016f\u017eete zav\u011bsit nap\u0159\u00edklad na kl\u00ed\u010dov\u00fd krou\u017eek. Je nab\u00edzena s laserov\u00fdm popisem z\u00e1kazn\u00edkova loga nebo vlastn\u00edho designu. Mo\u017en\u00e9 je tak\u00e9 laserovat s\u00e9riov\u00e9 \u010d\u00edslo a podobn\u011b.<\/p>\n","protected":false},"featured_media":721,"template":"","meta":[],"_links":{"self":[{"href":"https:\/\/shop-backup.allcomp.cz\/index.php\/wp-json\/wp\/v2\/product\/582"}],"collection":[{"href":"https:\/\/shop-backup.allcomp.cz\/index.php\/wp-json\/wp\/v2\/product"}],"about":[{"href":"https:\/\/shop-backup.allcomp.cz\/index.php\/wp-json\/wp\/v2\/types\/product"}],"wp:featuredmedia":[{"embeddable":true,"href":"https:\/\/shop-backup.allcomp.cz\/index.php\/wp-json\/wp\/v2\/media\/721"}],"wp:attachment":[{"href":"https:\/\/shop-backup.allcomp.cz\/index.php\/wp-json\/wp\/v2\/media?parent=582"}],"curies":[{"name":"wp","href":"https:\/\/api.w.org\/{rel}","templated":true}]}}