{"id":585,"date":"2020-09-10T11:59:54","date_gmt":"2020-09-10T11:59:54","guid":{"rendered":"https:\/\/shop.allcomp.cz\/?post_type=product&#038;p=585"},"modified":"2020-11-06T14:20:33","modified_gmt":"2020-11-06T14:20:33","slug":"rfid-karta-s-laserovym-popisem","status":"publish","type":"product","link":"https:\/\/shop-backup.allcomp.cz\/index.php\/product\/rfid-karta-s-laserovym-popisem\/","title":{"rendered":"RFID karta (s laserov\u00fdm popisem)"},"content":{"rendered":"<p>Typ plastov\u00e9 karty s bezkontaktn\u00edm \u010dipem, V\u00e1m nab\u00edz\u00ed nej\u0161ir\u0161\u00ed spektrum vyu\u017eit\u00ed a mo\u017enost\u00ed. Karty maj\u00ed vyu\u017eit\u00ed jako doch\u00e1zkov\u00e9, v\u011brnostn\u00ed, z\u00e1kaznick\u00e9 d\u00e1le jako SKI karty (SKI PAS) a mnoho dal\u0161\u00edch.<\/p>\n","protected":false},"excerpt":{"rendered":"<p>Typ plastov\u00e9 karty s bezkontaktn\u00edm \u010dipem, V\u00e1m nab\u00edz\u00ed nej\u0161ir\u0161\u00ed spektrum vyu\u017eit\u00ed a mo\u017enost\u00ed. Karty maj\u00ed vyu\u017eit\u00ed jako doch\u00e1zkov\u00e9, v\u011brnostn\u00ed, z\u00e1kaznick\u00e9 d\u00e1le jako SKI karty (SKI PAS) a mnoho dal\u0161\u00edch.<\/p>\n","protected":false},"featured_media":668,"template":"","meta":[],"_links":{"self":[{"href":"https:\/\/shop-backup.allcomp.cz\/index.php\/wp-json\/wp\/v2\/product\/585"}],"collection":[{"href":"https:\/\/shop-backup.allcomp.cz\/index.php\/wp-json\/wp\/v2\/product"}],"about":[{"href":"https:\/\/shop-backup.allcomp.cz\/index.php\/wp-json\/wp\/v2\/types\/product"}],"wp:featuredmedia":[{"embeddable":true,"href":"https:\/\/shop-backup.allcomp.cz\/index.php\/wp-json\/wp\/v2\/media\/668"}],"wp:attachment":[{"href":"https:\/\/shop-backup.allcomp.cz\/index.php\/wp-json\/wp\/v2\/media?parent=585"}],"curies":[{"name":"wp","href":"https:\/\/api.w.org\/{rel}","templated":true}]}}