{"id":608,"date":"2020-09-11T09:34:52","date_gmt":"2020-09-11T09:34:52","guid":{"rendered":"https:\/\/shop.allcomp.cz\/?post_type=product&#038;p=608"},"modified":"2021-09-20T11:30:33","modified_gmt":"2021-09-20T11:30:33","slug":"mincovnik-samoobsluzna-pracka-susicka","status":"publish","type":"product","link":"https:\/\/shop-backup.allcomp.cz\/index.php\/product\/mincovnik-samoobsluzna-pracka-susicka\/","title":{"rendered":"Mincovn\u00edk \u2013 Samoobslu\u017en\u00e1 pra\u010dka\/su\u0161i\u010dka"},"content":{"rendered":"<p>Pra\u010dka\/su\u0161i\u010dka se st\u00e1v\u00e1 d\u00edky mincovn\u00edku samoobslu\u017enou. V Americe je to naprosto b\u011b\u017en\u00fd syst\u00e9m, kde si lid\u00e9 nechaj\u00ed vyprat sv\u016fj ve\u0161ker\u00fd textil (od\u011bvy, povle\u010den\u00ed, \u2026). U n\u00e1s jsme ji\u017e sestavili \u0159\u00edd\u00edc\u00ed jednotku pro pra\u010dky \/ su\u0161i\u010dky ke kter\u00e9koli zna\u010dce. Mincovn\u00edk (chytr\u00e1 jednotka) je ur\u010den p\u0159edev\u0161\u00edm pro penziony, kempy, hotely, ale nap\u0159\u00edklad i studentsk\u00e9 koleje. Z\u00e1kazn\u00edci, kte\u0159\u00ed jsou na del\u0161\u00edm pobytu si mohou sami nechat vyprat sv\u00e9 oble\u010den\u00ed. Obsluha je zcela jednoduch\u00e1. Vhod\u00edte p\u0159edem ur\u010den\u00fd obnos pen\u011bz, zvol\u00edte program, kter\u00fd je pro pran\u00ed\/su\u0161en\u00ed nastaven\u00fd a u\u017e zb\u00fdv\u00e1 jen zm\u00e1\u010dknout tla\u010d\u00edtko START. Ceny jsou individu\u00e1ln\u00ed, nataven\u00ed dle po\u017eadavk\u016f odb\u011bratele. Tento v\u00fdrobek se vztahuje a\u017e na 4 za\u0159\u00edzen\u00ed.<\/p>\n<div id=\"content\" class=\"post-single-content box mark-links\">\n<h3>Dokumenty<\/h3>\n<ul>\n<li><a href=\"https:\/\/www.allcomp.cz\/wp-content\/uploads\/2015\/06\/N\u00e1vod-k-obsluze-AMI4.pdf\">N\u00e1vod k obsluze-AMI4<\/a><\/li>\n<\/ul>\n<\/div>\n","protected":false},"excerpt":{"rendered":"<p>Pra\u010dka\/su\u0161i\u010dka se st\u00e1v\u00e1 d\u00edky mincovn\u00edku samoobslu\u017enou. V Americe je to naprosto b\u011b\u017en\u00fd syst\u00e9m, kde si lid\u00e9 nechaj\u00ed vyprat sv\u016fj ve\u0161ker\u00fd textil (od\u011bvy, povle\u010den\u00ed, \u2026). U n\u00e1s jsme ji\u017e sestavili \u0159\u00edd\u00edc\u00ed<a href=\"https:\/\/shop-backup.allcomp.cz\/index.php\/product\/mincovnik-samoobsluzna-pracka-susicka\/\" class=\"d-block breadmore\">Read More<\/a><\/p>\n","protected":false},"featured_media":609,"template":"","meta":[],"_links":{"self":[{"href":"https:\/\/shop-backup.allcomp.cz\/index.php\/wp-json\/wp\/v2\/product\/608"}],"collection":[{"href":"https:\/\/shop-backup.allcomp.cz\/index.php\/wp-json\/wp\/v2\/product"}],"about":[{"href":"https:\/\/shop-backup.allcomp.cz\/index.php\/wp-json\/wp\/v2\/types\/product"}],"wp:featuredmedia":[{"embeddable":true,"href":"https:\/\/shop-backup.allcomp.cz\/index.php\/wp-json\/wp\/v2\/media\/609"}],"wp:attachment":[{"href":"https:\/\/shop-backup.allcomp.cz\/index.php\/wp-json\/wp\/v2\/media?parent=608"}],"curies":[{"name":"wp","href":"https:\/\/api.w.org\/{rel}","templated":true}]}}