{"id":639,"date":"2020-09-16T07:48:09","date_gmt":"2020-09-16T07:48:09","guid":{"rendered":"https:\/\/shop.allcomp.cz\/?post_type=product&#038;p=639"},"modified":"2022-06-24T07:38:06","modified_gmt":"2022-06-24T07:38:06","slug":"mv02-snimac-prutoku-kalibrovany","status":"publish","type":"product","link":"https:\/\/shop-backup.allcomp.cz\/index.php\/product\/mv02-snimac-prutoku-kalibrovany\/","title":{"rendered":"MV02 \u2013 Sn\u00edma\u010d pr\u016ftoku kalibrovan\u00fd"},"content":{"rendered":"<h3><\/h3>\n<h3>Dokumenty<\/h3>\n<div class=\"wp-block-file\"><a href=\"https:\/\/www.allcomp.cz\/wp-content\/uploads\/2020\/03\/snimac-prutoku-mv02-katalog_list.pdf\"> MV02 sn\u00edma\u010d pr\u016ftoku \u2013 katalogov\u00fd list<\/a><\/div>\n<div class=\"wp-block-file\"><a href=\"https:\/\/www.allcomp.cz\/wp-content\/uploads\/2020\/03\/MV02-navod-k-mont\u00e1\u017ei-CZE.pdf\"> MV02 sn\u00edma\u010d pr\u016ftoku \u2013 n\u00e1vod k mont\u00e1\u017ei <\/a><\/div>\n","protected":false},"excerpt":{"rendered":"<p>Dokumenty MV02 sn\u00edma\u010d pr\u016ftoku \u2013 katalogov\u00fd list MV02 sn\u00edma\u010d pr\u016ftoku \u2013 n\u00e1vod k mont\u00e1\u017ei<\/p>\n","protected":false},"featured_media":640,"template":"","meta":[],"_links":{"self":[{"href":"https:\/\/shop-backup.allcomp.cz\/index.php\/wp-json\/wp\/v2\/product\/639"}],"collection":[{"href":"https:\/\/shop-backup.allcomp.cz\/index.php\/wp-json\/wp\/v2\/product"}],"about":[{"href":"https:\/\/shop-backup.allcomp.cz\/index.php\/wp-json\/wp\/v2\/types\/product"}],"wp:featuredmedia":[{"embeddable":true,"href":"https:\/\/shop-backup.allcomp.cz\/index.php\/wp-json\/wp\/v2\/media\/640"}],"wp:attachment":[{"href":"https:\/\/shop-backup.allcomp.cz\/index.php\/wp-json\/wp\/v2\/media?parent=639"}],"curies":[{"name":"wp","href":"https:\/\/api.w.org\/{rel}","templated":true}]}}