{"id":742,"date":"2021-09-21T10:58:05","date_gmt":"2021-09-21T10:58:05","guid":{"rendered":"https:\/\/shop.allcomp.cz\/?post_type=product&#038;p=742"},"modified":"2021-09-22T11:50:20","modified_gmt":"2021-09-22T11:50:20","slug":"rezistor-smd-ruzne-hodnoty","status":"publish","type":"product","link":"https:\/\/shop-backup.allcomp.cz\/index.php\/product\/rezistor-smd-ruzne-hodnoty\/","title":{"rendered":"Rezistor SMD &#8211; r\u016fzn\u00e9 hodnoty"},"content":{"rendered":"<p>SMD rezistory v hodnot\u00e1ch a pouzdrech v tomto proveden\u00ed:<\/p>\n<p>&nbsp;<\/p>\n<p>&nbsp;<\/p>\n<table style=\"height: 36px;\" width=\"512\">\n<tbody>\n<tr>\n<td><strong>Obj. \u010d\u00edslo<\/strong><\/td>\n<td><strong>Hodnota [Ohm]<br \/>\n<\/strong><\/td>\n<td><strong>Pouzdro SMD<br \/>\n<\/strong><\/td>\n<\/tr>\n<tr>\n<td>21R0000001<\/td>\n<td>0,1<\/td>\n<td>1206<\/td>\n<\/tr>\n<tr>\n<td>21R0000480<\/td>\n<td>48<\/td>\n<td>603<\/td>\n<\/tr>\n<tr>\n<td>21R0002050<\/td>\n<td>205<\/td>\n<td>1206<\/td>\n<\/tr>\n<tr>\n<td>21R0002370<\/td>\n<td>237<\/td>\n<td>1206<\/td>\n<\/tr>\n<tr>\n<td>21R0003650<\/td>\n<td>365<\/td>\n<td>1206<\/td>\n<\/tr>\n<tr>\n<td>21R0007100<\/td>\n<td>710<\/td>\n<td>805<\/td>\n<\/tr>\n<tr>\n<td>21R0009090<\/td>\n<td>909<\/td>\n<td>1206<\/td>\n<\/tr>\n<tr>\n<td>21R0014700<\/td>\n<td>1k47<\/td>\n<td>1206<\/td>\n<\/tr>\n<tr>\n<td>21R0017400<\/td>\n<td>1k74<\/td>\n<td>1206<\/td>\n<\/tr>\n<tr>\n<td>21R0007870<\/td>\n<td>787<\/td>\n<td>1206<\/td>\n<\/tr>\n<tr>\n<td>21R0004870<\/td>\n<td>487<\/td>\n<td>1206<\/td>\n<\/tr>\n<tr>\n<td>21R0005900<\/td>\n<td>590<\/td>\n<td>1206<\/td>\n<\/tr>\n<tr>\n<td>21R0007800<\/td>\n<td>780<\/td>\n<td>1206<\/td>\n<\/tr>\n<tr>\n<td>21R0007500<\/td>\n<td>750<\/td>\n<td>1206<\/td>\n<\/tr>\n<tr>\n<td>21R0005900<\/td>\n<td>590<\/td>\n<td>1206<\/td>\n<\/tr>\n<tr>\n<td>21R0008450<\/td>\n<td>845<\/td>\n<td>1206<\/td>\n<\/tr>\n<tr>\n<td>21R0002610<\/td>\n<td>261<\/td>\n<td>1206<\/td>\n<\/tr>\n<tr>\n<td>21R0001690<\/td>\n<td>169<\/td>\n<td>1206<\/td>\n<\/tr>\n<tr>\n<td>21R0003010<\/td>\n<td>301<\/td>\n<td>1206<\/td>\n<\/tr>\n<tr>\n<td>21R0002150<\/td>\n<td>215<\/td>\n<td>1206<\/td>\n<\/tr>\n<tr>\n<td>21R0003650<\/td>\n<td>365<\/td>\n<td>1206<\/td>\n<\/tr>\n<tr>\n<td>21R0006490<\/td>\n<td>649<\/td>\n<td>1206<\/td>\n<\/tr>\n<tr>\n<td>21R0003600<\/td>\n<td>360<\/td>\n<td>1206<\/td>\n<\/tr>\n<tr>\n<td>21R0002370<\/td>\n<td>237<\/td>\n<td>1206<\/td>\n<\/tr>\n<tr>\n<td>21R0009090<\/td>\n<td>909<\/td>\n<td>1206<\/td>\n<\/tr>\n<tr>\n<td>21R0010500<\/td>\n<td>1k05<\/td>\n<td>1206<\/td>\n<\/tr>\n<\/tbody>\n<\/table>\n<p>P\u0159i objedn\u00e1vce zapi\u0161te do pozn\u00e1mky obj. \u010d\u00edslo.<\/p>\n<p>Cena za balen\u00ed (1 c\u00edvka \/ 5000ks).<\/p>\n<p>&nbsp;<\/p>\n","protected":false},"excerpt":{"rendered":"<p>SMD rezistory v hodnot\u00e1ch a pouzdrech v tomto proveden\u00ed: &nbsp; &nbsp; Obj. \u010d\u00edslo Hodnota [Ohm] Pouzdro SMD 21R0000001 0,1 1206 21R0000480 48 603 21R0002050 205 1206 21R0002370 237 1206 21R0003650<a href=\"https:\/\/shop-backup.allcomp.cz\/index.php\/product\/rezistor-smd-ruzne-hodnoty\/\" class=\"d-block breadmore\">Read More<\/a><\/p>\n","protected":false},"featured_media":740,"template":"","meta":[],"_links":{"self":[{"href":"https:\/\/shop-backup.allcomp.cz\/index.php\/wp-json\/wp\/v2\/product\/742"}],"collection":[{"href":"https:\/\/shop-backup.allcomp.cz\/index.php\/wp-json\/wp\/v2\/product"}],"about":[{"href":"https:\/\/shop-backup.allcomp.cz\/index.php\/wp-json\/wp\/v2\/types\/product"}],"wp:featuredmedia":[{"embeddable":true,"href":"https:\/\/shop-backup.allcomp.cz\/index.php\/wp-json\/wp\/v2\/media\/740"}],"wp:attachment":[{"href":"https:\/\/shop-backup.allcomp.cz\/index.php\/wp-json\/wp\/v2\/media?parent=742"}],"curies":[{"name":"wp","href":"https:\/\/api.w.org\/{rel}","templated":true}]}}