{"id":751,"date":"2021-10-08T10:12:42","date_gmt":"2021-10-08T10:12:42","guid":{"rendered":"https:\/\/shop.allcomp.cz\/?post_type=product&#038;p=751"},"modified":"2023-02-16T12:51:03","modified_gmt":"2023-02-16T12:51:03","slug":"saa7709h-330ks-bal","status":"publish","type":"product","link":"https:\/\/shop-backup.allcomp.cz\/index.php\/product\/saa7709h-330ks-bal\/","title":{"rendered":"Sign\u00e1lov\u00fd procesor SAA7709H\/N108  (330ks\/bal)"},"content":{"rendered":"<p>Sign\u00e1lov\u00fd procesor pro autor\u00e1dia<\/p>\n<p>Ukon\u010den\u00e1 expirace<\/p>\n<p>&nbsp;<\/p>\n<p>&nbsp;<\/p>\n","protected":false},"excerpt":{"rendered":"<p>Sign\u00e1lov\u00fd procesor pro autor\u00e1dia Ukon\u010den\u00e1 expirace &nbsp; &nbsp;<\/p>\n","protected":false},"featured_media":949,"template":"","meta":[],"_links":{"self":[{"href":"https:\/\/shop-backup.allcomp.cz\/index.php\/wp-json\/wp\/v2\/product\/751"}],"collection":[{"href":"https:\/\/shop-backup.allcomp.cz\/index.php\/wp-json\/wp\/v2\/product"}],"about":[{"href":"https:\/\/shop-backup.allcomp.cz\/index.php\/wp-json\/wp\/v2\/types\/product"}],"wp:featuredmedia":[{"embeddable":true,"href":"https:\/\/shop-backup.allcomp.cz\/index.php\/wp-json\/wp\/v2\/media\/949"}],"wp:attachment":[{"href":"https:\/\/shop-backup.allcomp.cz\/index.php\/wp-json\/wp\/v2\/media?parent=751"}],"curies":[{"name":"wp","href":"https:\/\/api.w.org\/{rel}","templated":true}]}}