{"id":762,"date":"2021-10-08T10:46:16","date_gmt":"2021-10-08T10:46:16","guid":{"rendered":"https:\/\/shop.allcomp.cz\/?post_type=product&#038;p=762"},"modified":"2023-02-16T12:11:24","modified_gmt":"2023-02-16T12:11:24","slug":"signalovy-procesor-saf7730hv-542ks-bal","status":"publish","type":"product","link":"https:\/\/shop-backup.allcomp.cz\/index.php\/product\/signalovy-procesor-saf7730hv-542ks-bal\/","title":{"rendered":"Sign\u00e1lov\u00fd procesor SAF7730HV (542ks\/bal)"},"content":{"rendered":"<p>Sign\u00e1lov\u00fd procesor DSP<\/p>\n<p>Ukon\u010den\u00e1 expirace<\/p>\n","protected":false},"excerpt":{"rendered":"<p>Sign\u00e1lov\u00fd procesor DSP Ukon\u010den\u00e1 expirace<\/p>\n","protected":false},"featured_media":949,"template":"","meta":[],"_links":{"self":[{"href":"https:\/\/shop-backup.allcomp.cz\/index.php\/wp-json\/wp\/v2\/product\/762"}],"collection":[{"href":"https:\/\/shop-backup.allcomp.cz\/index.php\/wp-json\/wp\/v2\/product"}],"about":[{"href":"https:\/\/shop-backup.allcomp.cz\/index.php\/wp-json\/wp\/v2\/types\/product"}],"wp:featuredmedia":[{"embeddable":true,"href":"https:\/\/shop-backup.allcomp.cz\/index.php\/wp-json\/wp\/v2\/media\/949"}],"wp:attachment":[{"href":"https:\/\/shop-backup.allcomp.cz\/index.php\/wp-json\/wp\/v2\/media?parent=762"}],"curies":[{"name":"wp","href":"https:\/\/api.w.org\/{rel}","templated":true}]}}