{"id":764,"date":"2021-10-08T11:07:47","date_gmt":"2021-10-08T11:07:47","guid":{"rendered":"https:\/\/shop.allcomp.cz\/?post_type=product&#038;p=764"},"modified":"2023-02-16T12:08:39","modified_gmt":"2023-02-16T12:08:39","slug":"signalovy-procesor-saf7730hv-750ks-bal","status":"publish","type":"product","link":"https:\/\/shop-backup.allcomp.cz\/index.php\/product\/signalovy-procesor-saf7730hv-750ks-bal\/","title":{"rendered":"Sign\u00e1lov\u00fd procesor SAF7730HV (750ks\/bal)"},"content":{"rendered":"<p>Sign\u00e1lov\u00fd procesor<\/p>\n<p>Ukon\u010den\u00e1 expirace<\/p>\n","protected":false},"excerpt":{"rendered":"<p>Sign\u00e1lov\u00fd procesor Ukon\u010den\u00e1 expirace<\/p>\n","protected":false},"featured_media":949,"template":"","meta":[],"_links":{"self":[{"href":"https:\/\/shop-backup.allcomp.cz\/index.php\/wp-json\/wp\/v2\/product\/764"}],"collection":[{"href":"https:\/\/shop-backup.allcomp.cz\/index.php\/wp-json\/wp\/v2\/product"}],"about":[{"href":"https:\/\/shop-backup.allcomp.cz\/index.php\/wp-json\/wp\/v2\/types\/product"}],"wp:featuredmedia":[{"embeddable":true,"href":"https:\/\/shop-backup.allcomp.cz\/index.php\/wp-json\/wp\/v2\/media\/949"}],"wp:attachment":[{"href":"https:\/\/shop-backup.allcomp.cz\/index.php\/wp-json\/wp\/v2\/media?parent=764"}],"curies":[{"name":"wp","href":"https:\/\/api.w.org\/{rel}","templated":true}]}}