{"id":797,"date":"2022-05-25T11:13:18","date_gmt":"2022-05-25T11:13:18","guid":{"rendered":"https:\/\/shop.allcomp.cz\/?post_type=product&#038;p=797"},"modified":"2022-05-25T11:13:18","modified_gmt":"2022-05-25T11:13:18","slug":"kondenzatory-keramicke-smd-v-pouzdre-0603","status":"publish","type":"product","link":"https:\/\/shop-backup.allcomp.cz\/index.php\/product\/kondenzatory-keramicke-smd-v-pouzdre-0603\/","title":{"rendered":"Kondenz\u00e1tory  keramick\u00e9 SMD v pouzd\u0159e 0603"},"content":{"rendered":"<ul>\n<li>hodnota 10p &#8211; 300p<\/li>\n<li>c\u00edvka &#8211; v balen\u00ed 16 000ks<\/li>\n<\/ul>\n<p>&nbsp;<\/p>\n","protected":false},"excerpt":{"rendered":"<p>hodnota 10p &#8211; 300p c\u00edvka &#8211; v balen\u00ed 16 000ks &nbsp;<\/p>\n","protected":false},"featured_media":798,"template":"","meta":[],"_links":{"self":[{"href":"https:\/\/shop-backup.allcomp.cz\/index.php\/wp-json\/wp\/v2\/product\/797"}],"collection":[{"href":"https:\/\/shop-backup.allcomp.cz\/index.php\/wp-json\/wp\/v2\/product"}],"about":[{"href":"https:\/\/shop-backup.allcomp.cz\/index.php\/wp-json\/wp\/v2\/types\/product"}],"wp:featuredmedia":[{"embeddable":true,"href":"https:\/\/shop-backup.allcomp.cz\/index.php\/wp-json\/wp\/v2\/media\/798"}],"wp:attachment":[{"href":"https:\/\/shop-backup.allcomp.cz\/index.php\/wp-json\/wp\/v2\/media?parent=797"}],"curies":[{"name":"wp","href":"https:\/\/api.w.org\/{rel}","templated":true}]}}