{"id":884,"date":"2022-07-14T06:23:34","date_gmt":"2022-07-14T06:23:34","guid":{"rendered":"https:\/\/shop.allcomp.cz\/?post_type=product&#038;p=884"},"modified":"2022-07-14T06:32:51","modified_gmt":"2022-07-14T06:32:51","slug":"cdm-m6-4-4-2-k-navigaci-rns-510","status":"publish","type":"product","link":"https:\/\/shop-backup.allcomp.cz\/index.php\/product\/cdm-m6-4-4-2-k-navigaci-rns-510\/","title":{"rendered":"CDM M6 4.4\/2 k navigaci RNS 510"},"content":{"rendered":"<ul>\n<li>CD mechanika pou\u017e\u00edvan\u00e1 u zna\u010dkov\u00fdch origin\u00e1ln\u00edch autoradi\u00ed<\/li>\n<li>k navigaci VW RNS 510, nap\u0159. u Golf, Passat, Tiguan, Touran, Jetta, Sharan<\/li>\n<\/ul>\n<p>&nbsp;<\/p>\n","protected":false},"excerpt":{"rendered":"<p>CD mechanika pou\u017e\u00edvan\u00e1 u zna\u010dkov\u00fdch origin\u00e1ln\u00edch autoradi\u00ed k navigaci VW RNS 510, nap\u0159. u Golf, Passat, Tiguan, Touran, Jetta, Sharan &nbsp;<\/p>\n","protected":false},"featured_media":886,"template":"","meta":[],"_links":{"self":[{"href":"https:\/\/shop-backup.allcomp.cz\/index.php\/wp-json\/wp\/v2\/product\/884"}],"collection":[{"href":"https:\/\/shop-backup.allcomp.cz\/index.php\/wp-json\/wp\/v2\/product"}],"about":[{"href":"https:\/\/shop-backup.allcomp.cz\/index.php\/wp-json\/wp\/v2\/types\/product"}],"wp:featuredmedia":[{"embeddable":true,"href":"https:\/\/shop-backup.allcomp.cz\/index.php\/wp-json\/wp\/v2\/media\/886"}],"wp:attachment":[{"href":"https:\/\/shop-backup.allcomp.cz\/index.php\/wp-json\/wp\/v2\/media?parent=884"}],"curies":[{"name":"wp","href":"https:\/\/api.w.org\/{rel}","templated":true}]}}